{"id":9,"date":"2016-05-10T12:19:11","date_gmt":"2016-05-10T12:19:11","guid":{"rendered":"https:\/\/custor-casteli.de\/?page_id=9"},"modified":"2023-01-16T22:28:07","modified_gmt":"2023-01-16T22:28:07","slug":"home","status":"publish","type":"page","link":"https:\/\/www.custor-casteli.de\/","title":{"rendered":"Home"},"content":{"rendered":"<p><span style=\"font-size: 19px;\">Wir gr\u00fc\u00dfen Euch,&nbsp;Wanderer der Zeiten! <\/span><\/p>\n<p><span style=\"font-size: 19px;\"><span style=\"font-size: 14px;\"><span style=\"font-size: 17px;\">Herzlich willkommen auf der Internetseite von Custor Casteli.<\/span><\/span><\/span><\/p>\n<p><img fetchpriority=\"high\" decoding=\"async\" class=\" size-full wp-image-6\" src=\"https:\/\/custor-casteli.de\/wp-content\/uploads\/2016\/05\/Wappen_light.png\" alt=\"\" width=\"238\" height=\"255\"><\/p>\n<p>Unsere Interessengemeinschaft befasst sich mit dem Thema Mittelalter. Wir leben unser Hobby auf mittelalterlichen M\u00e4rkten und Festen aus.<br \/>\nWenn Ihr mehr \u00fcber uns und <a title=\"Was wir bieten\" href=\"https:\/\/custor-casteli.de\/?page_id=86\">unser Angebot <\/a>erfahren wollt, schaut doch einmal in die Rubrik &#8222;<a title=\"\u00dcber uns\" href=\"https:\/\/custor-casteli.de\/?page_id=77\">\u00dcber uns<\/a>&#8222;.<\/p>\n<p>Custor Casteli unterzeichnete am 22.08.2016 die <a title=\"Aachener Erkl\u00e4rung\" href=\"https:\/\/custor-casteli.de\/?page_id=87\">Aachener Erkl\u00e4rung<\/a>.<\/p>\n<p><img decoding=\"async\" class=\" size-full wp-image-7\" style=\"vertical-align: top; margin-top: calc(-10px);\" src=\"https:\/\/custor-casteli.de\/wp-content\/uploads\/2016\/05\/image.png\" alt=\"\" width=\"120\" height=\"120\">&nbsp; <img decoding=\"async\" class=\" size-full wp-image-8\" style=\"vertical-align: top; margin-top: calc(-80px);\" src=\"https:\/\/custor-casteli.de\/wp-content\/uploads\/2016\/05\/Siegel.png\" alt=\"\" width=\"150\" height=\"334\" srcset=\"https:\/\/www.custor-casteli.de\/wp-content\/uploads\/2016\/05\/Siegel.png 150w, https:\/\/www.custor-casteli.de\/wp-content\/uploads\/2016\/05\/Siegel-135x300.png 135w\" sizes=\"(max-width: 150px) 100vw, 150px\" \/><\/p>\n","protected":false},"excerpt":{"rendered":"<p>Wir gr\u00fc\u00dfen Euch,&nbsp;Wanderer der Zeiten! Herzlich willkommen auf der Internetseite von Custor Casteli. Unsere Interessengemeinschaft befasst sich mit dem Thema Mittelalter. Wir leben unser Hobby auf mittelalterlichen M\u00e4rkten und Festen aus. Wenn Ihr mehr \u00fcber uns und unser Angebot erfahren wollt, schaut doch einmal in die Rubrik &#8222;\u00dcber uns&#8222;. Custor Casteli unterzeichnete am 22.08.2016 die &hellip; <a href=\"https:\/\/www.custor-casteli.de\/\" class=\"more-link\"><span class=\"screen-reader-text\">Home<\/span> weiterlesen <span class=\"meta-nav\">&rarr;<\/span><\/a><\/p>\n","protected":false},"author":1,"featured_media":0,"parent":0,"menu_order":1,"comment_status":"closed","ping_status":"closed","template":"","meta":{"footnotes":""},"class_list":["post-9","page","type-page","status-publish","hentry"],"_links":{"self":[{"href":"https:\/\/www.custor-casteli.de\/index.php?rest_route=\/wp\/v2\/pages\/9"}],"collection":[{"href":"https:\/\/www.custor-casteli.de\/index.php?rest_route=\/wp\/v2\/pages"}],"about":[{"href":"https:\/\/www.custor-casteli.de\/index.php?rest_route=\/wp\/v2\/types\/page"}],"author":[{"embeddable":true,"href":"https:\/\/www.custor-casteli.de\/index.php?rest_route=\/wp\/v2\/users\/1"}],"replies":[{"embeddable":true,"href":"https:\/\/www.custor-casteli.de\/index.php?rest_route=%2Fwp%2Fv2%2Fcomments&post=9"}],"version-history":[{"count":4,"href":"https:\/\/www.custor-casteli.de\/index.php?rest_route=\/wp\/v2\/pages\/9\/revisions"}],"predecessor-version":[{"id":374,"href":"https:\/\/www.custor-casteli.de\/index.php?rest_route=\/wp\/v2\/pages\/9\/revisions\/374"}],"wp:attachment":[{"href":"https:\/\/www.custor-casteli.de\/index.php?rest_route=%2Fwp%2Fv2%2Fmedia&parent=9"}],"curies":[{"name":"wp","href":"https:\/\/api.w.org\/{rel}","templated":true}]}}