{"id":87,"date":"2016-08-14T06:52:21","date_gmt":"2016-08-14T06:52:21","guid":{"rendered":"https:\/\/custor-casteli.de\/?page_id=87"},"modified":"2023-01-16T22:16:40","modified_gmt":"2023-01-16T22:16:40","slug":"aachener-erklaerung","status":"publish","type":"page","link":"https:\/\/www.custor-casteli.de\/?page_id=87","title":{"rendered":"Aachener Erkl\u00e4rung"},"content":{"rendered":"<section id=\"content\">\n<article>Living History kann uns helfen, das kulturelle Erbe der Vergangenheit zu verstehen und zu bewahren. Living History nach unserem Verst\u00e4ndnis soll der Forschung und Lehre als Helfer und Mittler im Kontakt mit der breiten \u00d6ffentlichkeit zur Seite stehen.<\/p>\n<p>Zu diesem Zweck wollen wir Leben und Wirken der Menschen aus Vergangenheit und Gegenwart getreu dem aktuellen Kenntnisstand der Wissenschaft und ihren Methoden abbilden.<\/p>\n<p>Um dieses Ziel zu erreichen, mu\u00df Living History frei sein von jeder politischen, religi\u00f6sen oder ideologischen Einflu\u00dfnahme durch die Handelnden selbst oder durch Dritte.<\/p>\n<p>Deshalb bekennen wir uns ohne Einschr\u00e4nkung zu religi\u00f6ser und weltanschaulicher Neutralit\u00e4t, den Werten des Grundgesetzes der Bundesrepublik Deutschland und den Grunds\u00e4tzen guter wissenschaftlicher Praxis. In diesem Geist wollen wir Living History gestalten und stetig verbessern.<\/p>\n<p><strong><em>Die Vorstandsschaft von Custor Casteli<\/em><\/strong><\/p>\n<p><img decoding=\"async\" class=\" size-full wp-image-7\" style=\"vertical-align: top; margin-top: calc(-10px);\" src=\"https:\/\/custor-casteli.de\/wp-content\/uploads\/2016\/05\/image.png\" alt=\"\" width=\"120\" height=\"120\" \/>\u00a0 <img fetchpriority=\"high\" decoding=\"async\" class=\" size-full wp-image-8\" style=\"vertical-align: top; margin-top: calc(-80px);\" src=\"https:\/\/custor-casteli.de\/wp-content\/uploads\/2016\/05\/Siegel.png\" alt=\"\" width=\"150\" height=\"334\" srcset=\"https:\/\/www.custor-casteli.de\/wp-content\/uploads\/2016\/05\/Siegel.png 150w, https:\/\/www.custor-casteli.de\/wp-content\/uploads\/2016\/05\/Siegel-135x300.png 135w\" sizes=\"(max-width: 150px) 100vw, 150px\" \/><\/p>\n<\/article>\n<\/section>\n","protected":false},"excerpt":{"rendered":"<p>Living History kann uns helfen, das kulturelle Erbe der Vergangenheit zu verstehen und zu bewahren. Living History nach unserem Verst\u00e4ndnis soll der Forschung und Lehre als Helfer und Mittler im Kontakt mit der breiten \u00d6ffentlichkeit zur Seite stehen. Zu diesem Zweck wollen wir Leben und Wirken der Menschen aus Vergangenheit und Gegenwart getreu dem aktuellen &hellip; <a href=\"https:\/\/www.custor-casteli.de\/?page_id=87\" class=\"more-link\"><span class=\"screen-reader-text\">Aachener Erkl\u00e4rung<\/span> weiterlesen <span class=\"meta-nav\">&rarr;<\/span><\/a><\/p>\n","protected":false},"author":1,"featured_media":0,"parent":77,"menu_order":33,"comment_status":"closed","ping_status":"closed","template":"","meta":{"footnotes":""},"class_list":["post-87","page","type-page","status-publish","hentry"],"_links":{"self":[{"href":"https:\/\/www.custor-casteli.de\/index.php?rest_route=\/wp\/v2\/pages\/87"}],"collection":[{"href":"https:\/\/www.custor-casteli.de\/index.php?rest_route=\/wp\/v2\/pages"}],"about":[{"href":"https:\/\/www.custor-casteli.de\/index.php?rest_route=\/wp\/v2\/types\/page"}],"author":[{"embeddable":true,"href":"https:\/\/www.custor-casteli.de\/index.php?rest_route=\/wp\/v2\/users\/1"}],"replies":[{"embeddable":true,"href":"https:\/\/www.custor-casteli.de\/index.php?rest_route=%2Fwp%2Fv2%2Fcomments&post=87"}],"version-history":[{"count":3,"href":"https:\/\/www.custor-casteli.de\/index.php?rest_route=\/wp\/v2\/pages\/87\/revisions"}],"predecessor-version":[{"id":426,"href":"https:\/\/www.custor-casteli.de\/index.php?rest_route=\/wp\/v2\/pages\/87\/revisions\/426"}],"up":[{"embeddable":true,"href":"https:\/\/www.custor-casteli.de\/index.php?rest_route=\/wp\/v2\/pages\/77"}],"wp:attachment":[{"href":"https:\/\/www.custor-casteli.de\/index.php?rest_route=%2Fwp%2Fv2%2Fmedia&parent=87"}],"curies":[{"name":"wp","href":"https:\/\/api.w.org\/{rel}","templated":true}]}}