{"id":86,"date":"2016-07-09T12:30:10","date_gmt":"2016-07-09T12:30:10","guid":{"rendered":"https:\/\/custor-casteli.de\/?page_id=86"},"modified":"2023-01-17T06:56:30","modified_gmt":"2023-01-17T06:56:30","slug":"was-wir-bieten","status":"publish","type":"page","link":"https:\/\/www.custor-casteli.de\/?page_id=86","title":{"rendered":"Was wir bieten"},"content":{"rendered":"<p>Bei uns gibt es Folgendes zu sehen (und auch anzufassen)<\/p>\n<h3>&#8211; Waffen- und R\u00fcstungskunde<\/h3>\n<hr \/>\n<h3>&#8211; Handwerk, wie z.B. Spinnen, N\u00e4hen, Lederarbeiten, &#8230;<\/h3>\n<hr \/>\n<h3>&#8211; Freikampf nach Codex Belli<\/h3>\n<hr \/>\n<h3>&#8211; Wissenswertes \u00fcber das Alltagsleben<\/h3>\n<hr \/>\n<h3>&#8211; Kochen nach mittelalterlichem Vorbild<\/h3>\n<hr \/>\n<h3>&#8211; Informationen \u00fcber die jeweiligen Darstellungen (Normannen, Berber, Kelten, Wikinger, &#8230;)<\/h3>\n<hr \/>\n<h3>&#8211; Wachestehen (auf M\u00e4rkten)<\/h3>\n","protected":false},"excerpt":{"rendered":"<p>Bei uns gibt es Folgendes zu sehen (und auch anzufassen) &#8211; Waffen- und R\u00fcstungskunde &#8211; Handwerk, wie z.B. Spinnen, N\u00e4hen, Lederarbeiten, &#8230; &#8211; Freikampf nach Codex Belli &#8211; Wissenswertes \u00fcber das Alltagsleben &#8211; Kochen nach mittelalterlichem Vorbild &#8211; Informationen \u00fcber die jeweiligen Darstellungen (Normannen, Berber, Kelten, Wikinger, &#8230;) &#8211; Wachestehen (auf M\u00e4rkten)<\/p>\n","protected":false},"author":1,"featured_media":0,"parent":77,"menu_order":34,"comment_status":"closed","ping_status":"closed","template":"","meta":{"footnotes":""},"class_list":["post-86","page","type-page","status-publish","hentry"],"_links":{"self":[{"href":"https:\/\/www.custor-casteli.de\/index.php?rest_route=\/wp\/v2\/pages\/86"}],"collection":[{"href":"https:\/\/www.custor-casteli.de\/index.php?rest_route=\/wp\/v2\/pages"}],"about":[{"href":"https:\/\/www.custor-casteli.de\/index.php?rest_route=\/wp\/v2\/types\/page"}],"author":[{"embeddable":true,"href":"https:\/\/www.custor-casteli.de\/index.php?rest_route=\/wp\/v2\/users\/1"}],"replies":[{"embeddable":true,"href":"https:\/\/www.custor-casteli.de\/index.php?rest_route=%2Fwp%2Fv2%2Fcomments&post=86"}],"version-history":[{"count":3,"href":"https:\/\/www.custor-casteli.de\/index.php?rest_route=\/wp\/v2\/pages\/86\/revisions"}],"predecessor-version":[{"id":384,"href":"https:\/\/www.custor-casteli.de\/index.php?rest_route=\/wp\/v2\/pages\/86\/revisions\/384"}],"up":[{"embeddable":true,"href":"https:\/\/www.custor-casteli.de\/index.php?rest_route=\/wp\/v2\/pages\/77"}],"wp:attachment":[{"href":"https:\/\/www.custor-casteli.de\/index.php?rest_route=%2Fwp%2Fv2%2Fmedia&parent=86"}],"curies":[{"name":"wp","href":"https:\/\/api.w.org\/{rel}","templated":true}]}}