{"id":85,"date":"2016-07-06T11:32:02","date_gmt":"2016-07-06T11:32:02","guid":{"rendered":"https:\/\/custor-casteli.de\/?page_id=85"},"modified":"2023-01-17T07:20:22","modified_gmt":"2023-01-17T07:20:22","slug":"freunde","status":"publish","type":"page","link":"https:\/\/www.custor-casteli.de\/?page_id=85","title":{"rendered":"Freunde"},"content":{"rendered":"<p>Hier eine Liste aller deren wir uns r\u00fchmen k\u00f6nnen Freunde genannt zu werden.<\/p>\n<h3><a title=\"\" href=\"http:\/\/www.zeitreise-mittelalter.de\" target=\"_blank\" rel=\"noopener noreferrer\">Zeitreise Mittelalter<\/a><\/h3>\n<p><a title=\"\" href=\"http:\/\/www.zeitreise-mittelalter.de\" target=\"_blank\" rel=\"noopener noreferrer\"><img fetchpriority=\"high\" decoding=\"async\" class=\" size-full wp-image-79\" src=\"https:\/\/custor-casteli.de\/wp-content\/uploads\/2016\/07\/zeitreise.jpg\" alt=\"\" width=\"948\" height=\"138\" srcset=\"https:\/\/www.custor-casteli.de\/wp-content\/uploads\/2016\/07\/zeitreise.jpg 948w, https:\/\/www.custor-casteli.de\/wp-content\/uploads\/2016\/07\/zeitreise-300x44.jpg 300w, https:\/\/www.custor-casteli.de\/wp-content\/uploads\/2016\/07\/zeitreise-768x112.jpg 768w\" sizes=\"(max-width: 948px) 100vw, 948px\" \/><\/a><\/p>\n<hr \/>\n<h3><a title=\"\" href=\"http:\/\/www.fraenkische-flanke.de\" target=\"_blank\" rel=\"noopener noreferrer\">Fr\u00e4nkische Flanke<\/a><\/h3>\n<p><a title=\"\" href=\"http:\/\/www.fraenkische-flanke.de\" target=\"_blank\" rel=\"noopener noreferrer\"><img decoding=\"async\" class=\" size-full wp-image-80\" src=\"https:\/\/custor-casteli.de\/wp-content\/uploads\/2016\/07\/FraenkischeFlanke.jpg\" alt=\"\" width=\"948\" height=\"138\" srcset=\"https:\/\/www.custor-casteli.de\/wp-content\/uploads\/2016\/07\/FraenkischeFlanke.jpg 948w, https:\/\/www.custor-casteli.de\/wp-content\/uploads\/2016\/07\/FraenkischeFlanke-300x44.jpg 300w, https:\/\/www.custor-casteli.de\/wp-content\/uploads\/2016\/07\/FraenkischeFlanke-768x112.jpg 768w\" sizes=\"(max-width: 948px) 100vw, 948px\" \/><\/a><\/p>\n<hr \/>\n<h3><a title=\"\" href=\"http:\/\/www.frayes-frankenfolk.de\/\" target=\"_blank\" rel=\"noopener noreferrer\">Frayes Franken Folk<\/a><\/h3>\n<p><a title=\"\" href=\"http:\/\/www.frayes-frankenfolk.de\/\" target=\"_blank\" rel=\"noopener noreferrer\"><img decoding=\"async\" class=\" size-full wp-image-81\" src=\"https:\/\/custor-casteli.de\/wp-content\/uploads\/2016\/07\/FrayesFrankenvolk.JPG\" alt=\"\" width=\"948\" height=\"138\" srcset=\"https:\/\/www.custor-casteli.de\/wp-content\/uploads\/2016\/07\/FrayesFrankenvolk.JPG 948w, https:\/\/www.custor-casteli.de\/wp-content\/uploads\/2016\/07\/FrayesFrankenvolk-300x44.jpg 300w, https:\/\/www.custor-casteli.de\/wp-content\/uploads\/2016\/07\/FrayesFrankenvolk-768x112.jpg 768w\" sizes=\"(max-width: 948px) 100vw, 948px\" \/><\/a><\/p>\n<hr \/>\n<h3 class=\"ark_noblock\"><a title=\"\" href=\"http:\/\/www.die-wilde-horde.one\/\" target=\"_blank\" rel=\"noopener noreferrer\">Die wilde Horde<\/a><\/h3>\n<p><a title=\"\" href=\"http:\/\/www.die-wilde-horde.one\/\" target=\"_blank\" rel=\"noopener noreferrer\"><img loading=\"lazy\" decoding=\"async\" class=\" size-full wp-image-82\" src=\"https:\/\/custor-casteli.de\/wp-content\/uploads\/2016\/07\/WildeHorde.jpg\" alt=\"\" width=\"948\" height=\"138\" srcset=\"https:\/\/www.custor-casteli.de\/wp-content\/uploads\/2016\/07\/WildeHorde.jpg 948w, https:\/\/www.custor-casteli.de\/wp-content\/uploads\/2016\/07\/WildeHorde-300x44.jpg 300w, https:\/\/www.custor-casteli.de\/wp-content\/uploads\/2016\/07\/WildeHorde-768x112.jpg 768w\" sizes=\"(max-width: 948px) 100vw, 948px\" \/><\/a><\/p>\n<hr \/>\n<h3 class=\"ark_noblock\"><a title=\"\" href=\"http:\/\/www.das-erbe-odins.de\/\" target=\"_blank\" rel=\"noopener noreferrer\">Das Erbe Odins<\/a><\/h3>\n<p><a title=\"\" href=\"http:\/\/www.das-erbe-odins.de\/\" target=\"_blank\" rel=\"noopener noreferrer\"><img loading=\"lazy\" decoding=\"async\" class=\" size-full wp-image-83\" src=\"https:\/\/custor-casteli.de\/wp-content\/uploads\/2016\/07\/OdinsErbe.JPG\" alt=\"\" width=\"953\" height=\"139\" srcset=\"https:\/\/www.custor-casteli.de\/wp-content\/uploads\/2016\/07\/OdinsErbe.JPG 953w, https:\/\/www.custor-casteli.de\/wp-content\/uploads\/2016\/07\/OdinsErbe-300x44.jpg 300w, https:\/\/www.custor-casteli.de\/wp-content\/uploads\/2016\/07\/OdinsErbe-768x112.jpg 768w\" sizes=\"(max-width: 953px) 100vw, 953px\" \/><\/a><\/p>\n<hr \/>\n<h3 class=\"ark_noblock\"><a title=\"\" href=\"http:\/\/www.virtrborg-vikingr.com\/\" target=\"_blank\" rel=\"noopener noreferrer\">Virtrborg Vikingr<\/a><\/h3>\n<p><a title=\"\" href=\"http:\/\/www.virtrborg-vikingr.com\/\" target=\"_blank\" rel=\"noopener noreferrer\"><img loading=\"lazy\" decoding=\"async\" class=\" size-full wp-image-84\" src=\"https:\/\/custor-casteli.de\/wp-content\/uploads\/2016\/07\/virtborg.jpg\" alt=\"\" width=\"948\" height=\"138\" srcset=\"https:\/\/www.custor-casteli.de\/wp-content\/uploads\/2016\/07\/virtborg.jpg 948w, https:\/\/www.custor-casteli.de\/wp-content\/uploads\/2016\/07\/virtborg-300x44.jpg 300w, https:\/\/www.custor-casteli.de\/wp-content\/uploads\/2016\/07\/virtborg-768x112.jpg 768w\" sizes=\"(max-width: 948px) 100vw, 948px\" \/><\/a><\/p>\n","protected":false},"excerpt":{"rendered":"<p>Hier eine Liste aller deren wir uns r\u00fchmen k\u00f6nnen Freunde genannt zu werden. Zeitreise Mittelalter Fr\u00e4nkische Flanke Frayes Franken Folk Die wilde Horde Das Erbe Odins Virtrborg Vikingr<\/p>\n","protected":false},"author":1,"featured_media":0,"parent":78,"menu_order":35,"comment_status":"closed","ping_status":"closed","template":"","meta":{"footnotes":""},"class_list":["post-85","page","type-page","status-publish","hentry"],"_links":{"self":[{"href":"https:\/\/www.custor-casteli.de\/index.php?rest_route=\/wp\/v2\/pages\/85"}],"collection":[{"href":"https:\/\/www.custor-casteli.de\/index.php?rest_route=\/wp\/v2\/pages"}],"about":[{"href":"https:\/\/www.custor-casteli.de\/index.php?rest_route=\/wp\/v2\/types\/page"}],"author":[{"embeddable":true,"href":"https:\/\/www.custor-casteli.de\/index.php?rest_route=\/wp\/v2\/users\/1"}],"replies":[{"embeddable":true,"href":"https:\/\/www.custor-casteli.de\/index.php?rest_route=%2Fwp%2Fv2%2Fcomments&post=85"}],"version-history":[{"count":4,"href":"https:\/\/www.custor-casteli.de\/index.php?rest_route=\/wp\/v2\/pages\/85\/revisions"}],"predecessor-version":[{"id":399,"href":"https:\/\/www.custor-casteli.de\/index.php?rest_route=\/wp\/v2\/pages\/85\/revisions\/399"}],"up":[{"embeddable":true,"href":"https:\/\/www.custor-casteli.de\/index.php?rest_route=\/wp\/v2\/pages\/78"}],"wp:attachment":[{"href":"https:\/\/www.custor-casteli.de\/index.php?rest_route=%2Fwp%2Fv2%2Fmedia&parent=85"}],"curies":[{"name":"wp","href":"https:\/\/api.w.org\/{rel}","templated":true}]}}