{"id":77,"date":"2016-05-13T06:18:48","date_gmt":"2016-05-13T06:18:48","guid":{"rendered":"https:\/\/custor-casteli.de\/?page_id=77"},"modified":"2023-01-17T07:11:30","modified_gmt":"2023-01-17T07:11:30","slug":"ueber-uns","status":"publish","type":"page","link":"https:\/\/www.custor-casteli.de\/?page_id=77","title":{"rendered":"\u00dcber uns"},"content":{"rendered":"<p>Unsere Interessengemeinschaft besteht aus vielen verschiedenen Mitgliedern unterschiedlichen Alters, Wohnorten und Berufen. Doch eines haben wir alle Gemeinsam: Interesse an Geschichte!!<br \/>\nWir alle haben uns unter dem Banner von Custor Casteli vereint, um unser Interesse an Geschichte mit anderen zu teilen, Spa\u00df zu haben und Wissen zu vermitteln.<\/p>\n<p>&#8222;Custor Casteli&#8220; ist angelehnt ans das Lateinische &#8222;Custos Castelli&#8220; und bedeutet frei \u00fcbersetzt: &#8222;<strong>W\u00e4chter der Burg<\/strong>&#8222;.<\/p>\n<p><img fetchpriority=\"high\" decoding=\"async\" class=\" size-full wp-image-6\" src=\"https:\/\/custor-casteli.de\/wp-content\/uploads\/2016\/05\/Wappen_light.png\" alt=\"\" width=\"238\" height=\"255\" \/><\/p>\n<p>Die meisten Mitglieder kommen aus dem Hammelburger Raum. Es gibt jedoch auch ein paar Verr\u00fcckte unter uns, die u.a. bei N\u00fcrnberg, Neustadt oder Schweinfurt zu Hause sind. Sie nehmen lange Fahrten und viele Kilometer auf sich, um ihr Hobby zu betreiben. Das verdient unseren gr\u00f6\u00dften Respekt!<\/p>\n<p>Wir bezeichnen uns gerne als Hobbyisten und nicht als Reenactors (Personen, die geschichtliche Ereignisse nur nach belegbaren Funden inszenieren).<br \/>\nIm Laufe der Jahre hat sich ein beachtliches Fachwissen angesammelt, welches sich durch das Fr\u00fch,- Hoch,- Sp\u00e4tmittelalter und durch gro\u00dfe Teile Eurasiens zieht. Jeder in unserer Interessensgemeinschaft\u00a0 kann sich seine Darstellung selbst aussuchen und bei Bedarf jederzeit \u00e4ndern.<\/p>\n<p>Dass man in das Leben der gew\u00e4hlten Person eintaucht, m\u00f6glichst viel \u00fcber deren Lebensweise erfahren m\u00f6chte, sich gedanklich mit dieser Person identifiziert und wissen will, wie die Lebensumst\u00e4nde und das Umfeld ausgesehen haben k\u00f6nnten, geschieht ganz automatisch.<\/p>\n<p>Wir m\u00f6chten uns f\u00fcr Euer Interesse an unserer Gruppe bedanken. Vielleicht habt auch Ihr Lust bekommen, das Mittelalter einmal hautnah zu erleben?<\/p>\n<p>Wir kommen gerne mit unserem Lager auf Ihr-\/en<br \/>\n&#8211; Stadt- oder Dorffest<br \/>\n&#8211; Mittelaltermarkt<br \/>\n&#8211; ect.<\/p>\n<p>F\u00fcr die Kleinen besuchen wir auch gerne<br \/>\n&#8211; Schulen<br \/>\n&#8211; Kinderg\u00e4rten<br \/>\n&#8211; ect.<\/p>\n<p><a title=\"Was wir bieten\" href=\"https:\/\/custor-casteli.de\/?page_id=86\">Bei uns gibt es Folgendes zu sehen (und auch anzufassen)<\/a>:<br \/>\n&#8211; Waffen- und R\u00fcstungskunde<br \/>\n&#8211; Handwerk, wie z.B. Spinnen, N\u00e4hen, Lederarbeiten, &#8230;<br \/>\n&#8211; Freikampf nach Codex Belli<br \/>\n&#8211; Wissenswerters \u00fcber das Alltagsleben<br \/>\n&#8211; Kochen nach mittelalterlichem Vorbild<br \/>\n&#8211; Informationen \u00fcber die jeweiligen Darstellungen (Normannen, Berber, Kelten, Wikinger, &#8230;)<br \/>\n&#8211; Wachestehen (auf M\u00e4rkten)<\/p>\n<p><a title=\"Kontakt\" href=\"https:\/\/custor-casteli.de\/?page_id=76\">Meldet Euch!<\/a> Wir freuen uns, f\u00fcr Euch das Mittelalter wieder lebendig werden zu lassen&#8230;<\/p>\n<p><em><strong>Pax et bonum<\/strong><\/em><br \/>\n(Franziskanergru\u00df: &#8222;Friede und Heil&#8220;)<\/p>\n","protected":false},"excerpt":{"rendered":"<p>Unsere Interessengemeinschaft besteht aus vielen verschiedenen Mitgliedern unterschiedlichen Alters, Wohnorten und Berufen. Doch eines haben wir alle Gemeinsam: Interesse an Geschichte!! Wir alle haben uns unter dem Banner von Custor Casteli vereint, um unser Interesse an Geschichte mit anderen zu teilen, Spa\u00df zu haben und Wissen zu vermitteln. &#8222;Custor Casteli&#8220; ist angelehnt ans das Lateinische &hellip; <a href=\"https:\/\/www.custor-casteli.de\/?page_id=77\" class=\"more-link\"><span class=\"screen-reader-text\">\u00dcber uns<\/span> weiterlesen <span class=\"meta-nav\">&rarr;<\/span><\/a><\/p>\n","protected":false},"author":1,"featured_media":0,"parent":0,"menu_order":37,"comment_status":"closed","ping_status":"closed","template":"","meta":{"footnotes":""},"class_list":["post-77","page","type-page","status-publish","hentry"],"_links":{"self":[{"href":"https:\/\/www.custor-casteli.de\/index.php?rest_route=\/wp\/v2\/pages\/77"}],"collection":[{"href":"https:\/\/www.custor-casteli.de\/index.php?rest_route=\/wp\/v2\/pages"}],"about":[{"href":"https:\/\/www.custor-casteli.de\/index.php?rest_route=\/wp\/v2\/types\/page"}],"author":[{"embeddable":true,"href":"https:\/\/www.custor-casteli.de\/index.php?rest_route=\/wp\/v2\/users\/1"}],"replies":[{"embeddable":true,"href":"https:\/\/www.custor-casteli.de\/index.php?rest_route=%2Fwp%2Fv2%2Fcomments&post=77"}],"version-history":[{"count":3,"href":"https:\/\/www.custor-casteli.de\/index.php?rest_route=\/wp\/v2\/pages\/77\/revisions"}],"predecessor-version":[{"id":395,"href":"https:\/\/www.custor-casteli.de\/index.php?rest_route=\/wp\/v2\/pages\/77\/revisions\/395"}],"wp:attachment":[{"href":"https:\/\/www.custor-casteli.de\/index.php?rest_route=%2Fwp%2Fv2%2Fmedia&parent=77"}],"curies":[{"name":"wp","href":"https:\/\/api.w.org\/{rel}","templated":true}]}}