{"id":178,"date":"2020-01-16T05:06:30","date_gmt":"2020-01-16T05:06:30","guid":{"rendered":"https:\/\/custor-casteli.de\/?page_id=178"},"modified":"2023-01-16T20:06:14","modified_gmt":"2023-01-16T20:06:14","slug":"gelebte-geschichte","status":"publish","type":"page","link":"https:\/\/www.custor-casteli.de\/?page_id=178","title":{"rendered":"Gelebte Geschichte"},"content":{"rendered":"<hr \/>\n<p><b>Living History<\/b> (englisch f\u00fcr \u201egelebte Geschichte\u201c) nennt man die Darstellung historischer Lebenswelten durch Personen, deren Kleidung, Ausr\u00fcstung und Gebrauchsgegenst\u00e4nde in Material und Stil m\u00f6glichst realistisch der dargestellten Epoche entsprechen. Die Darstellung kann im privaten Rahmen oder bei \u00f6ffentlichen Veranstaltungen stattfinden.<\/p>\n<p>Reenactment (englisch f\u00fcr \u201aWiederauff\u00fchrung\u2018, \u201aNachstellung\u2018) nennt man die Neuinszenierung konkreter geschichtlicher Ereignisse in m\u00f6glichst authentischer Weise. \u00dcber den Weg der historischen Wiedererlebbarkeit soll Geschichte verst\u00e4ndlich und erlebbar gemacht werden. Das historische re-enactment ist der zentrale Teil der von dem britischen Philosophen und Historiker Robin George Collingwood aufgestellten Theorie der Historiographie. Die Nachstellung von historischen oder sagenhaften Ereignissen geht allerdings bis in die Antike zur\u00fcck.<\/p>\n<h3>Beschreibung<\/h3>\n<p>Nach der Theorie der Historiographie besteht beim Reenactment die Aufgabe darin, auf Grundlage der \u00fcberlieferten Quellen ein ganz konkretes historisches Ereignis aus der Vergangenheit m\u00f6glichst authentisch zu rekonstruieren.<\/p>\n<p>Dabei sollen erneut die Gedanken und Intentionen der urspr\u00fcnglich handelnden Akteure durchgespielt werden, die sich in den vergangenen Ereignissen ausgedr\u00fcckt haben. Der wissenschaftliche Ansatz ist dabei die zentrale Voraussetzung f\u00fcr die Definition des modernen Reenactment. Im englischsprachigen Raum wurde das Reenactment oft auf die authentische Nachstellung von milit\u00e4rhistorischen Schlachten reduziert und so von der \u00d6ffentlichkeit verstanden.<\/p>\n<p>Tats\u00e4chlich umschlie\u00dft das Wort Reenactment auch zivile historische Inszenierungen, die auf historisch belegte Einzelereignisse zur\u00fcckzuf\u00fchren sind.<\/p>\n<p>Neben unz\u00e4hligen Vereinen, die sich in der Freizeit mit der Nachstellung authentischer historischer Ereignisse besch\u00e4ftigen, haben sich auch kommerzielle Reenactment-Gruppen gebildet, die zu verschiedenen Anl\u00e4ssen vor Publikum auftreten. Dabei wird in erster Linie jedoch nicht das klassische Collingwood&#8217;sche Reenactment betrieben, sondern zumeist Living History. In der \u00f6ffentlichen Diskussion, aber auch bei vielen Gruppen, verschwimmen diese beiden verschiedenen Darstellungsweisen der Geschichtsinterpretation, was daran liegt, dass es oftmals zu \u00dcberlagerungen bei beiden Inszenierungen kommen kann. Personen, die sich mit Reenactment besch\u00e4ftigen, werden in der Szene umgangssprachlich als Reenactors bezeichnet.<\/p>\n<p><em>Quelle: Wikipedia<\/em><\/p>\n","protected":false},"excerpt":{"rendered":"<p>Living History (englisch f\u00fcr \u201egelebte Geschichte\u201c) nennt man die Darstellung historischer Lebenswelten durch Personen, deren Kleidung, Ausr\u00fcstung und Gebrauchsgegenst\u00e4nde in Material und Stil m\u00f6glichst realistisch der dargestellten Epoche entsprechen. Die Darstellung kann im privaten Rahmen oder bei \u00f6ffentlichen Veranstaltungen stattfinden. Reenactment (englisch f\u00fcr \u201aWiederauff\u00fchrung\u2018, \u201aNachstellung\u2018) nennt man die Neuinszenierung konkreter geschichtlicher Ereignisse in m\u00f6glichst authentischer &hellip; <a href=\"https:\/\/www.custor-casteli.de\/?page_id=178\" class=\"more-link\"><span class=\"screen-reader-text\">Gelebte Geschichte<\/span> weiterlesen <span class=\"meta-nav\">&rarr;<\/span><\/a><\/p>\n","protected":false},"author":1,"featured_media":0,"parent":118,"menu_order":1,"comment_status":"closed","ping_status":"closed","template":"","meta":{"footnotes":""},"class_list":["post-178","page","type-page","status-publish","hentry"],"_links":{"self":[{"href":"https:\/\/www.custor-casteli.de\/index.php?rest_route=\/wp\/v2\/pages\/178"}],"collection":[{"href":"https:\/\/www.custor-casteli.de\/index.php?rest_route=\/wp\/v2\/pages"}],"about":[{"href":"https:\/\/www.custor-casteli.de\/index.php?rest_route=\/wp\/v2\/types\/page"}],"author":[{"embeddable":true,"href":"https:\/\/www.custor-casteli.de\/index.php?rest_route=\/wp\/v2\/users\/1"}],"replies":[{"embeddable":true,"href":"https:\/\/www.custor-casteli.de\/index.php?rest_route=%2Fwp%2Fv2%2Fcomments&post=178"}],"version-history":[{"count":2,"href":"https:\/\/www.custor-casteli.de\/index.php?rest_route=\/wp\/v2\/pages\/178\/revisions"}],"predecessor-version":[{"id":323,"href":"https:\/\/www.custor-casteli.de\/index.php?rest_route=\/wp\/v2\/pages\/178\/revisions\/323"}],"up":[{"embeddable":true,"href":"https:\/\/www.custor-casteli.de\/index.php?rest_route=\/wp\/v2\/pages\/118"}],"wp:attachment":[{"href":"https:\/\/www.custor-casteli.de\/index.php?rest_route=%2Fwp%2Fv2%2Fmedia&parent=178"}],"curies":[{"name":"wp","href":"https:\/\/api.w.org\/{rel}","templated":true}]}}