{"id":173,"date":"2020-01-04T11:37:54","date_gmt":"2020-01-04T11:37:54","guid":{"rendered":"https:\/\/custor-casteli.de\/?page_id=173"},"modified":"2023-01-16T21:23:11","modified_gmt":"2023-01-16T21:23:11","slug":"die-keltische-kultur","status":"publish","type":"page","link":"https:\/\/www.custor-casteli.de\/?page_id=173","title":{"rendered":"Die keltische Kultur"},"content":{"rendered":"<hr>\n<p>Anders als die Griechen haben wir Kelten keine nennenswerten schriftlichen Aufzeichnungen hinterlassen, obwohl wir sogar mehrere unterschiedliche Alphabete zur Verf\u00fcgung hatten:<\/p>\n<table width=\"100%\">\n<tbody>\n<tr>\n<td>das griechische Alphabet<\/td>\n<td style=\"text-align: left;\">&nbsp;<img decoding=\"async\" class=\" size-full wp-image-165\" src=\"https:\/\/custor-casteli.de\/wp-content\/uploads\/2020\/01\/Kelten_Griechisch.png\" alt=\"\" width=\"133\" height=\"36\"><\/td>\n<\/tr>\n<tr>\n<td>das lateinische Alphabet<\/td>\n<td style=\"text-align: left;\">&nbsp;<img decoding=\"async\" class=\" size-full wp-image-166\" src=\"https:\/\/custor-casteli.de\/wp-content\/uploads\/2020\/01\/Kelten_Latein.png\" alt=\"\" width=\"125\" height=\"44\"><\/td>\n<\/tr>\n<tr>\n<td>das germanische Runen-Alphabet (Futhark)<\/td>\n<td>&nbsp;<img decoding=\"async\" class=\" size-full wp-image-167\" src=\"https:\/\/custor-casteli.de\/wp-content\/uploads\/2020\/01\/Kelten_Germanisch.png\" alt=\"\" width=\"185\" height=\"45\"><\/td>\n<\/tr>\n<tr>\n<td>das Ogham-Alphabet<\/td>\n<td>&nbsp;<img loading=\"lazy\" decoding=\"async\" class=\" size-full wp-image-168\" src=\"https:\/\/custor-casteli.de\/wp-content\/uploads\/2020\/01\/Kelten_Ogham.png\" alt=\"\" width=\"276\" height=\"47\"><\/td>\n<\/tr>\n<\/tbody>\n<\/table>\n<p>Daneben nutzten wir noch weitere Schriften unserer Nachbarn und Handelspartner, denn Schrift wurde bei uns eigentlich nur zu kaufm\u00e4nnischen Zwecken genutzt.<\/p>\n<p>Aufgrund der fehlenden schriftlichen Aufzeichnungen sind die religi\u00f6sen oder philosophischen \u00dcberlegungen unserer Gelehrten (Druiden) leider f\u00fcr euch weitestgehend verloren gegangen. Aber die antiken Aufzeichnungen zum Beispiel von Poseidonios und Cicero lassen erkennen, dass unsere Gelehrten sich durchaus auf Augenh\u00f6he mit den antiken griechischen Philosophen befanden. Clemens von Alexandria hat sogar die Meinung vertreten, dass Pythagoras Lehren unserer Druiden \u00fcbernommen hat.<\/p>\n<p>Immerhin ist aber bis in eure Zeit \u00fcberliefert, dass wir einen der \u00e4ltesten Kalender Europas, den Kalender von Coligny in gallischer Sprache aufgeschrieben haben.<\/p>\n<p>In der Numismatik unserer M\u00fcnzpr\u00e4gungen wird ein \u00dcbergang von einer, an den Vorstellungen der schamanistischen Religionen der nomadisch lebenden Vorfahren orientierten lunaren Weltsicht hin zu einer, f\u00fcr die sesshaften Bauern wichtigen solaren Weltanschauung erkennbar. Dies hat sich gleichzeitig auch in der Entwicklung der religi\u00f6sen Vorstellungen abgebildet, wie ihr das analog zu den zeitgleich verbreiteten Religionen der Griechen und R\u00f6mer als pantheistische Naturreligion erkennen k\u00f6nnt.<\/p>\n<p>\u00dcbergeordnet und damit auch verbindend, gab es in all unseren St\u00e4mmen einige gro\u00dfe und viele untergeordnete Gottheiten wie zum Beispiel:<\/p>\n<p>\u2022 Lug \/ Lugh (Gott des Lichtes, der Sonne und der K\u00fcnste)<br \/>\n\u2022 Cernunnos (geh\u00f6rnter Gott, Herrscher \u00fcber alle Tiere)<br \/>\n\u2022 Taranis (Gott des Donners und der Blitze, Kriegsgott)<br \/>\n\u2022 Brighid (Muttergottheit)<\/p>\n<p>Alle G\u00f6tter wurden in Heiligt\u00fcmern und an besonderen Pl\u00e4tzen in der Natur verehrt und finden Parallelen in den r\u00f6mischen Glaubensvorstellungen, aber auch in der sp\u00e4teren nordischen Mythologie, die euch durch die Wikinger bekannt ist. H\u00e4ufig sind auch in der christlichen Religion parallele Vorstellungen zu finden, sodass in den unterschiedlichsten Religionen religionsgeschichtliche \u201eNachfolger\u201c unserer keltischen G\u00f6ttergestalten zu erkennen sind, ebenso, wie in euren Informationen \u00fcber unsere Religionsvorstellungen Anteile schamanistischer Naturreligionen erkennbar werden.<\/p>\n<p><img loading=\"lazy\" decoding=\"async\" class=\" size-full wp-image-169\" src=\"https:\/\/custor-casteli.de\/wp-content\/uploads\/2020\/01\/Kelten_Religion.png.jpg\" alt=\"\" width=\"320\" height=\"240\" srcset=\"https:\/\/www.custor-casteli.de\/wp-content\/uploads\/2020\/01\/Kelten_Religion.png.jpg 320w, https:\/\/www.custor-casteli.de\/wp-content\/uploads\/2020\/01\/Kelten_Religion.png-300x225.jpg 300w\" sizes=\"(max-width: 320px) 100vw, 320px\" \/><\/p>\n<p>Es zeigt sich aber vor allem auch, dass unsere V\u00f6lker erfinderische und k\u00fcnstlerische Leistungen vollbracht haben, die denen anderer Hochkulturen in nichts nachstehen und, die bis in eure Zeit einen Einfluss auf die Zivilisation und Kultur in Europa haben. So bleiben euch von uns:<\/p>\n<p>&#8211; viele keltische Namen f\u00fcr Fl\u00fcsse und Orte<br \/>\n\u2022 z. B. Rhein, Ruhr, Lahn, Main, Donau<br \/>\n\u2022 z. B. London, Genf, Bonn, Mainz, Volkach (dort lebte der Stamm der Volcae \/ Volken)<\/p>\n<p>&#8211; Sprache, Kunst und Literatur<br \/>\n\u2022 G\u00e4lische Sprachen, die auch in eurer Zeit noch gesprochen werden: Irisch, Schottisch, Manx, Walisisch, Kornisch und Bretonisch<br \/>\n\u2022 Griechische und r\u00f6mische Statuen von unseren keltischen Kriegern<br \/>\n\u2022 Kunstwerke von keltischen K\u00fcnstlern, M\u00fcnzen und Grabbeigaben<br \/>\n\u2022 Asterix und Obelix von den Nachfahren unserer gallischen St\u00e4mme<\/p>\n<p>&#8211; Mode<br \/>\n\u2022 Hose und Mantel, wie sie bis in eurer Zeit mit geringen Ver\u00e4nderungen getragen werden<br \/>\n\u2022 Karierte Stoffe<br \/>\n\u2022 Pflanzenfarben zum F\u00e4rben von Fasern und Stoffen<\/p>\n<p><img loading=\"lazy\" decoding=\"async\" class=\" size-full wp-image-170\" src=\"https:\/\/custor-casteli.de\/wp-content\/uploads\/2020\/01\/Kelten_Gewandung.png\" alt=\"\" width=\"320\" height=\"212\" srcset=\"https:\/\/www.custor-casteli.de\/wp-content\/uploads\/2020\/01\/Kelten_Gewandung.png 320w, https:\/\/www.custor-casteli.de\/wp-content\/uploads\/2020\/01\/Kelten_Gewandung-300x199.png 300w\" sizes=\"(max-width: 320px) 100vw, 320px\" \/><\/p>\n<p>&#8211; Technische Innovationen, die bis in eure Zeit teilweise nahezu unver\u00e4ndert in Gebrauch sind<br \/>\n\u2022 Zweiachsiger Wagen<br \/>\n\u2022 randloser Eisenreifen<br \/>\n\u2022 Weiterentwicklung des Pferdegeschirrs<br \/>\n\u2022 Weiterentwicklung der Glasherstellung<br \/>\n\u2022 Verbreitung der T\u00f6pferscheibe<br \/>\n\u2022 Eiserne Hakenpfl\u00fcge<br \/>\n\u2022 Eggen zur Bodenbearbeitung<br \/>\n\u2022 Verbesserte Eisenlegierungen f\u00fcr Waffen und Werkzeuge<br \/>\n\u2022 Vermutlich auch das Kettenhemd und die Vorl\u00e4ufer des sp\u00e4teren r\u00f6mischen Gladius<\/p>\n<p><img loading=\"lazy\" decoding=\"async\" class=\" size-full wp-image-171\" src=\"https:\/\/custor-casteli.de\/wp-content\/uploads\/2020\/01\/Kelten_Karren.png.jpg\" alt=\"\" width=\"320\" height=\"190\" srcset=\"https:\/\/www.custor-casteli.de\/wp-content\/uploads\/2020\/01\/Kelten_Karren.png.jpg 320w, https:\/\/www.custor-casteli.de\/wp-content\/uploads\/2020\/01\/Kelten_Karren.png-300x178.jpg 300w\" sizes=\"(max-width: 320px) 100vw, 320px\" \/><\/p>\n<p>&#8211; Landwirtschaftliche Innovationen, die teilweise bis in eure Zeit noch angewandt werden<br \/>\n\u2022 \u00dcbergang von der Rillen- zur heute noch gebr\u00e4uchlichen Breitsaat<br \/>\n\u2022 Wechsel von Getreidebau- und Weidephasen<br \/>\n\u2022 D\u00fcngung der Fl\u00e4chen mit Dung und Mergel<br \/>\n\u2022 Erweiterung der Pflanzenpalette:<br \/>\n\u2023 Roggen und Hafer: sekund\u00e4re Kulturpflanze<br \/>\n\u2023 F\u00e4rberpflanze Waid<br \/>\n\u2022 beginnende H\u00fchner- und G\u00e4nsehaltung<br \/>\n\u2022 Ausbau der Viehwirtschaft<br \/>\n\u2022 Ausbau der Milchverarbeitung<br \/>\n\u2022 Herstellung gesalzener Butter und deren Export<br \/>\n\u2022 P\u00f6kelfleisch vom Schwein<\/p>\n<p><img loading=\"lazy\" decoding=\"async\" class=\" size-full wp-image-172\" src=\"https:\/\/custor-casteli.de\/wp-content\/uploads\/2020\/01\/Kelten_Farben.png.jpg\" alt=\"\" width=\"320\" height=\"227\" srcset=\"https:\/\/www.custor-casteli.de\/wp-content\/uploads\/2020\/01\/Kelten_Farben.png.jpg 320w, https:\/\/www.custor-casteli.de\/wp-content\/uploads\/2020\/01\/Kelten_Farben.png-300x213.jpg 300w\" sizes=\"(max-width: 320px) 100vw, 320px\" \/><\/p>\n<p>Fernhandel betrieben wir Kelten in unserem gesamten Siedlungsgebiet und dar\u00fcber hinaus. Dies wird f\u00fcr euch in Grabungsfunden zum Beispiel durch M\u00fcnzen, aber auch durch die verwendeten Rohstoffe und die wechselseitigen k\u00fcnstlerischen Einfl\u00fcsse belegt. So reichten unsere Handelsbeziehungen von den Atlantikk\u00fcsten unseres Siedlungsraumes \u00fcber den gesamten Mittelmeerraum bis nach Nordafrika und \u00fcber den Nahen Osten hinweg bis in weiter \u00f6stlich gelegene Gebiete. Aber auch von Nord- und Ostsee in die \u00fcbrigen Gebiete, wie f\u00fcr euch zum Beispiel durch Bernsteinfunde nachgewiesen wurde.<\/p>\n","protected":false},"excerpt":{"rendered":"<p>Anders als die Griechen haben wir Kelten keine nennenswerten schriftlichen Aufzeichnungen hinterlassen, obwohl wir sogar mehrere unterschiedliche Alphabete zur Verf\u00fcgung hatten: das griechische Alphabet &nbsp; das lateinische Alphabet &nbsp; das germanische Runen-Alphabet (Futhark) &nbsp; das Ogham-Alphabet &nbsp; Daneben nutzten wir noch weitere Schriften unserer Nachbarn und Handelspartner, denn Schrift wurde bei uns eigentlich nur zu &hellip; <a href=\"https:\/\/www.custor-casteli.de\/?page_id=173\" class=\"more-link\"><span class=\"screen-reader-text\">Die keltische Kultur<\/span> weiterlesen <span class=\"meta-nav\">&rarr;<\/span><\/a><\/p>\n","protected":false},"author":1,"featured_media":0,"parent":161,"menu_order":4,"comment_status":"closed","ping_status":"closed","template":"","meta":{"footnotes":""},"class_list":["post-173","page","type-page","status-publish","hentry"],"_links":{"self":[{"href":"https:\/\/www.custor-casteli.de\/index.php?rest_route=\/wp\/v2\/pages\/173"}],"collection":[{"href":"https:\/\/www.custor-casteli.de\/index.php?rest_route=\/wp\/v2\/pages"}],"about":[{"href":"https:\/\/www.custor-casteli.de\/index.php?rest_route=\/wp\/v2\/types\/page"}],"author":[{"embeddable":true,"href":"https:\/\/www.custor-casteli.de\/index.php?rest_route=\/wp\/v2\/users\/1"}],"replies":[{"embeddable":true,"href":"https:\/\/www.custor-casteli.de\/index.php?rest_route=%2Fwp%2Fv2%2Fcomments&post=173"}],"version-history":[{"count":3,"href":"https:\/\/www.custor-casteli.de\/index.php?rest_route=\/wp\/v2\/pages\/173\/revisions"}],"predecessor-version":[{"id":350,"href":"https:\/\/www.custor-casteli.de\/index.php?rest_route=\/wp\/v2\/pages\/173\/revisions\/350"}],"up":[{"embeddable":true,"href":"https:\/\/www.custor-casteli.de\/index.php?rest_route=\/wp\/v2\/pages\/161"}],"wp:attachment":[{"href":"https:\/\/www.custor-casteli.de\/index.php?rest_route=%2Fwp%2Fv2%2Fmedia&parent=173"}],"curies":[{"name":"wp","href":"https:\/\/api.w.org\/{rel}","templated":true}]}}