{"id":164,"date":"2020-01-04T11:30:43","date_gmt":"2020-01-04T11:30:43","guid":{"rendered":"https:\/\/custor-casteli.de\/?page_id=164"},"modified":"2023-01-17T06:33:57","modified_gmt":"2023-01-17T06:33:57","slug":"die-keltische-geschichte","status":"publish","type":"page","link":"https:\/\/www.custor-casteli.de\/?page_id=164","title":{"rendered":"Die keltische Geschichte"},"content":{"rendered":"<hr>\n<p>Als Erben des Wissens der sp\u00e4ten megalithischen und der bronzezeitlichen Kulturen in Europa, das zum Beispiel in der Himmelsscheibe von Nebra bis in eure Zeit erhalten geblieben ist, besiedelten unsere St\u00e4mme \u00fcber fast 1700 Jahre Teile Deutschlands, Frankreichs und sogar ganz Europas und pr\u00e4gten die dortige Kultur. Hierbei dauerte unsere Bl\u00fctezeit mehr als 700 Jahre, in denen wir den gr\u00f6\u00dften Teil Europas, quasi als die ersten euch bekannten Europ\u00e4er besiedelten. Unsere Nachbarn, die Griechen, denen wir die Bezeichnung als \u201eKelten\u201c verdanken, beherrschten den Mittelmeerraum zum Beispiel lediglich etwa von 800 bis 600 v. Chr.<\/p>\n<p style=\"text-align: center;\"><img fetchpriority=\"high\" decoding=\"async\" class=\" size-full wp-image-162\" src=\"https:\/\/custor-casteli.de\/wp-content\/uploads\/2020\/01\/Kelten_Zeitstrahl.png\" alt=\"\" width=\"800\" height=\"117\" srcset=\"https:\/\/www.custor-casteli.de\/wp-content\/uploads\/2020\/01\/Kelten_Zeitstrahl.png 800w, https:\/\/www.custor-casteli.de\/wp-content\/uploads\/2020\/01\/Kelten_Zeitstrahl-300x44.png 300w, https:\/\/www.custor-casteli.de\/wp-content\/uploads\/2020\/01\/Kelten_Zeitstrahl-768x112.png 768w\" sizes=\"(max-width: 800px) 100vw, 800px\" \/><\/p>\n<p style=\"text-align: left;\">Eine eindeutige Abgrenzung der Volksgruppen meiner Zeit ist nicht m\u00f6glich. So lebten zum Beispiel unsere Nachbarn, die germanischen Mainsueben, um 10\/9 v. Chr. am Main und n\u00f6rdlich davon in festen Siedlungen, w\u00e4hrend gleichzeitig in diesem Gebiet die Urspr\u00fcnge sp\u00e4terer keltischer Oppida (St\u00e4dte) und F\u00fcrstensitze entstanden. So zum Beispiel am Glauberg. Damit z\u00e4hlt die Heimat von CustorCasteli (siehe auf der Karte) zu den \u00e4ltesten Siedlungsgebieten der keltischen St\u00e4mme.<\/p>\n<p style=\"text-align: center;\"><img decoding=\"async\" class=\" size-full wp-image-163\" src=\"https:\/\/custor-casteli.de\/wp-content\/uploads\/2020\/01\/Kelten_Ausbreitung.png\" alt=\"\" width=\"700\" height=\"580\" srcset=\"https:\/\/www.custor-casteli.de\/wp-content\/uploads\/2020\/01\/Kelten_Ausbreitung.png 700w, https:\/\/www.custor-casteli.de\/wp-content\/uploads\/2020\/01\/Kelten_Ausbreitung-300x249.png 300w\" sizes=\"(max-width: 700px) 100vw, 700px\" \/><\/p>\n<p style=\"text-align: left;\">Die Verbreitung unserer St\u00e4mme in ganz Europa ist einerseits auf einen kriegerischen Expansionsdrang und andererseits auf die Zentraleurop\u00e4ische Lage unseres urspr\u00fcnglichen Stammesgebietes an den gro\u00dfen Fernhandelsstra\u00dfen meiner Zeit und unsere daraus resultierenden Handelsbeziehungen zur\u00fcckzuf\u00fchren.<\/p>\n<p style=\"text-align: left;\">So gelang es uns (vor allem dem Stamm der Senonen) 387 v. Chr. Rom einzunehmen und dann in Italien fast bis nach Sizilien vorzudringen. 279 v. Chr. eroberten wir, und allen voran die Galater, auch das griechische Delphi.<\/p>\n<p style=\"text-align: left;\">Wirklich besiegt wurden unsere St\u00e4mme nur in wenigen Schlachten am Ende unserer Bl\u00fctezeit, wobei uns teilweise auch die, von uns an die r\u00f6mischen Legionen gelieferten hochwertigen Waffen zum Verh\u00e4ngnis geworden sein d\u00fcrften. So zum Beispiel bei der finalen Niederlage des Arverners Vercingetorix in Alesia (40 v. Chr.). Entscheidender f\u00fcr das Verschwinden unserer Kultur und Tradition d\u00fcrfte jedoch unser Streben nach wirtschaftlichem Erfolg und ein langsames Verschmelzen unserer keltischen Kultur mit den Kulturen unserer Handelspartner gewesen sein.<\/p>\n","protected":false},"excerpt":{"rendered":"<p>Als Erben des Wissens der sp\u00e4ten megalithischen und der bronzezeitlichen Kulturen in Europa, das zum Beispiel in der Himmelsscheibe von Nebra bis in eure Zeit erhalten geblieben ist, besiedelten unsere St\u00e4mme \u00fcber fast 1700 Jahre Teile Deutschlands, Frankreichs und sogar ganz Europas und pr\u00e4gten die dortige Kultur. Hierbei dauerte unsere Bl\u00fctezeit mehr als 700 Jahre, &hellip; <a href=\"https:\/\/www.custor-casteli.de\/?page_id=164\" class=\"more-link\"><span class=\"screen-reader-text\">Die keltische Geschichte<\/span> weiterlesen <span class=\"meta-nav\">&rarr;<\/span><\/a><\/p>\n","protected":false},"author":1,"featured_media":0,"parent":161,"menu_order":5,"comment_status":"closed","ping_status":"closed","template":"","meta":{"footnotes":""},"class_list":["post-164","page","type-page","status-publish","hentry"],"_links":{"self":[{"href":"https:\/\/www.custor-casteli.de\/index.php?rest_route=\/wp\/v2\/pages\/164"}],"collection":[{"href":"https:\/\/www.custor-casteli.de\/index.php?rest_route=\/wp\/v2\/pages"}],"about":[{"href":"https:\/\/www.custor-casteli.de\/index.php?rest_route=\/wp\/v2\/types\/page"}],"author":[{"embeddable":true,"href":"https:\/\/www.custor-casteli.de\/index.php?rest_route=\/wp\/v2\/users\/1"}],"replies":[{"embeddable":true,"href":"https:\/\/www.custor-casteli.de\/index.php?rest_route=%2Fwp%2Fv2%2Fcomments&post=164"}],"version-history":[{"count":3,"href":"https:\/\/www.custor-casteli.de\/index.php?rest_route=\/wp\/v2\/pages\/164\/revisions"}],"predecessor-version":[{"id":378,"href":"https:\/\/www.custor-casteli.de\/index.php?rest_route=\/wp\/v2\/pages\/164\/revisions\/378"}],"up":[{"embeddable":true,"href":"https:\/\/www.custor-casteli.de\/index.php?rest_route=\/wp\/v2\/pages\/161"}],"wp:attachment":[{"href":"https:\/\/www.custor-casteli.de\/index.php?rest_route=%2Fwp%2Fv2%2Fmedia&parent=164"}],"curies":[{"name":"wp","href":"https:\/\/api.w.org\/{rel}","templated":true}]}}