{"id":161,"date":"2020-01-04T11:27:14","date_gmt":"2020-01-04T11:27:14","guid":{"rendered":"https:\/\/custor-casteli.de\/?page_id=161"},"modified":"2023-01-16T20:09:02","modified_gmt":"2023-01-16T20:09:02","slug":"hunno-der-kelte","status":"publish","type":"page","link":"https:\/\/www.custor-casteli.de\/?page_id=161","title":{"rendered":"Hunno der Kelte"},"content":{"rendered":"<hr \/>\n<p>Failt\u00e9 liebe Zeitreisende. Ich bin Hunno der Kelte und wie ihr ein Wanderer in den Zeiten. Ich lebe heute nach langer Wanderschaft in einem Dorf der Bojer an einem kleinen Zufluss des Flusses Main. Hier bin ich vor allem Schmied und Schamane, \u00fcbe aber auch noch viele andere Handwerke aus, wie dies auf dem Land in meiner Zeit noch \u00fcblich ist, auch wenn die Bewohner unserer gro\u00dfen Oppida bereits sehr arbeitsteilig leben.<\/p>\n<p>Meine Aufgabe als Schamane oder \u201eDruide\u201c, wie unsere Nachbarv\u00f6lker unsere Gelehrten gerne nennen, ist es, das Wissen unserer Vorfahren f\u00fcr unsere Nachkommen zu bewahren und die Geschicke unserer St\u00e4mme zu lenken. Deshalb m\u00f6chte ich Euch heute ein wenig von unseren St\u00e4mmen erz\u00e4hlen und es w\u00fcrde mich freuen, wenn wir uns eines Tages in einem Lager von CustorCasteli treffen w\u00fcrden und ihr mir von euren V\u00f6lkern erz\u00e4hlen w\u00fcrdet. Gerne kann ich euch dann auch noch mehr von mir und den Kelten erz\u00e4hlen.<\/p>\n<p>Sl\u00e1n agat<br \/>\nHunno alias Asterix<\/p>\n","protected":false},"excerpt":{"rendered":"<p>Failt\u00e9 liebe Zeitreisende. Ich bin Hunno der Kelte und wie ihr ein Wanderer in den Zeiten. Ich lebe heute nach langer Wanderschaft in einem Dorf der Bojer an einem kleinen Zufluss des Flusses Main. Hier bin ich vor allem Schmied und Schamane, \u00fcbe aber auch noch viele andere Handwerke aus, wie dies auf dem Land &hellip; <a href=\"https:\/\/www.custor-casteli.de\/?page_id=161\" class=\"more-link\"><span class=\"screen-reader-text\">Hunno der Kelte<\/span> weiterlesen <span class=\"meta-nav\">&rarr;<\/span><\/a><\/p>\n","protected":false},"author":1,"featured_media":0,"parent":118,"menu_order":6,"comment_status":"closed","ping_status":"closed","template":"","meta":{"footnotes":""},"class_list":["post-161","page","type-page","status-publish","hentry"],"_links":{"self":[{"href":"https:\/\/www.custor-casteli.de\/index.php?rest_route=\/wp\/v2\/pages\/161"}],"collection":[{"href":"https:\/\/www.custor-casteli.de\/index.php?rest_route=\/wp\/v2\/pages"}],"about":[{"href":"https:\/\/www.custor-casteli.de\/index.php?rest_route=\/wp\/v2\/types\/page"}],"author":[{"embeddable":true,"href":"https:\/\/www.custor-casteli.de\/index.php?rest_route=\/wp\/v2\/users\/1"}],"replies":[{"embeddable":true,"href":"https:\/\/www.custor-casteli.de\/index.php?rest_route=%2Fwp%2Fv2%2Fcomments&post=161"}],"version-history":[{"count":2,"href":"https:\/\/www.custor-casteli.de\/index.php?rest_route=\/wp\/v2\/pages\/161\/revisions"}],"predecessor-version":[{"id":325,"href":"https:\/\/www.custor-casteli.de\/index.php?rest_route=\/wp\/v2\/pages\/161\/revisions\/325"}],"up":[{"embeddable":true,"href":"https:\/\/www.custor-casteli.de\/index.php?rest_route=\/wp\/v2\/pages\/118"}],"wp:attachment":[{"href":"https:\/\/www.custor-casteli.de\/index.php?rest_route=%2Fwp%2Fv2%2Fmedia&parent=161"}],"curies":[{"name":"wp","href":"https:\/\/api.w.org\/{rel}","templated":true}]}}