{"id":15,"date":"2016-05-10T12:59:43","date_gmt":"2016-05-10T12:59:43","guid":{"rendered":"https:\/\/custor-casteli.de\/?page_id=15"},"modified":"2023-01-17T08:01:33","modified_gmt":"2023-01-17T08:01:33","slug":"ehrenhain","status":"publish","type":"page","link":"https:\/\/www.custor-casteli.de\/?page_id=15","title":{"rendered":"Ehrenhain"},"content":{"rendered":"<table style=\"width: 100%;\">\n<tbody>\n<tr style=\"height: 15px;\">\n<td style=\"height: 15px;\">\n<hr \/>\n<\/td>\n<\/tr>\n<tr style=\"height: 15px;\">\n<td style=\"height: 15px;\">\n<h3 style=\"text-align: center;\"><strong>Branwen und Hunno, die Kelten<br \/>\n<\/strong><\/h3>\n<\/td>\n<\/tr>\n<tr>\n<td style=\"text-align: center;\"><img decoding=\"async\" class=\"size-full wp-image-10\" src=\"https:\/\/custor-casteli.de\/wp-content\/uploads\/2016\/05\/Ehrenhain_Asterix.png\" alt=\"\" width=\"400px\" srcset=\"https:\/\/www.custor-casteli.de\/wp-content\/uploads\/2016\/05\/Ehrenhain_Asterix.png 800w, https:\/\/www.custor-casteli.de\/wp-content\/uploads\/2016\/05\/Ehrenhain_Asterix-300x287.png 300w, https:\/\/www.custor-casteli.de\/wp-content\/uploads\/2016\/05\/Ehrenhain_Asterix-768x733.png 768w\" sizes=\"(max-width: 800px) 100vw, 800px\" \/><\/td>\n<\/tr>\n<tr style=\"height: 15px;\">\n<td style=\"height: 15px; text-align: center;\"><strong><em>Custor Castelis Hausschamanen<br \/>\n<\/em><\/strong><\/td>\n<\/tr>\n<tr style=\"height: 15px;\">\n<td style=\"height: 15px;\"><\/td>\n<\/tr>\n<tr style=\"height: 15px;\">\n<td style=\"height: 15px; text-align: center;\">Custor Castelis hei\u00dfer Draht in die Anderswelt.<\/td>\n<\/tr>\n<tr style=\"height: 15px;\">\n<td style=\"height: 15px;\">\n<hr \/>\n<\/td>\n<\/tr>\n<tr style=\"height: 15px;\">\n<td style=\"height: 15px;\">\n<h3 style=\"text-align: center;\"><strong>Anna, die Bibliothekarin<\/strong><\/h3>\n<\/td>\n<\/tr>\n<tr>\n<td style=\"text-align: center;\"><img decoding=\"async\" class=\" size-full wp-image-11\" src=\"https:\/\/custor-casteli.de\/wp-content\/uploads\/2016\/05\/Ehrenhain_Anna.png\" alt=\"\" width=\"400px\" srcset=\"https:\/\/www.custor-casteli.de\/wp-content\/uploads\/2016\/05\/Ehrenhain_Anna.png 800w, https:\/\/www.custor-casteli.de\/wp-content\/uploads\/2016\/05\/Ehrenhain_Anna-300x287.png 300w, https:\/\/www.custor-casteli.de\/wp-content\/uploads\/2016\/05\/Ehrenhain_Anna-768x733.png 768w\" sizes=\"(max-width: 800px) 100vw, 800px\" \/><\/td>\n<\/tr>\n<tr style=\"height: 15px;\">\n<td style=\"height: 15px; text-align: center;\"><strong><em>Custor Castelis Bibliothekarin<\/em><\/strong><\/td>\n<\/tr>\n<tr style=\"height: 15px;\">\n<td style=\"height: 15px;\"><\/td>\n<\/tr>\n<tr style=\"height: 15px;\">\n<td style=\"height: 15px;\">Anna versorgt Custor Casteli mit unz\u00e4hligen B\u00fcchern. Im Geheimen will Anna allerdings alle Custoren mit ihren B\u00fcchern \u00fcber Funde in ihre Heimat nach Haithabu locken.<\/td>\n<\/tr>\n<tr style=\"height: 15px;\">\n<td style=\"height: 15px;\">\n<hr \/>\n<\/td>\n<\/tr>\n<tr style=\"height: 15px;\">\n<td style=\"height: 15px;\">\n<h3 style=\"text-align: center;\"><strong>Chris, der Siegelbewahrer<\/strong><\/h3>\n<\/td>\n<\/tr>\n<tr style=\"height: 15px;\">\n<td style=\"height: 15px; text-align: center;\"><img decoding=\"async\" class=\" size-full wp-image-12\" src=\"https:\/\/custor-casteli.de\/wp-content\/uploads\/2016\/05\/Ehrenhain_Chris.png\" alt=\"\" width=\"400px\" srcset=\"https:\/\/www.custor-casteli.de\/wp-content\/uploads\/2016\/05\/Ehrenhain_Chris.png 800w, https:\/\/www.custor-casteli.de\/wp-content\/uploads\/2016\/05\/Ehrenhain_Chris-300x287.png 300w, https:\/\/www.custor-casteli.de\/wp-content\/uploads\/2016\/05\/Ehrenhain_Chris-768x733.png 768w\" sizes=\"(max-width: 800px) 100vw, 800px\" \/><\/td>\n<\/tr>\n<tr style=\"height: 15px;\">\n<td style=\"height: 15px; text-align: center;\"><strong><em>Siegelbewahrer und Gr\u00fcndungsmitglied<\/em><\/strong><\/td>\n<\/tr>\n<tr style=\"height: 15px;\">\n<td style=\"height: 15px;\"><\/td>\n<\/tr>\n<tr style=\"height: 15px;\">\n<td style=\"height: 15px; text-align: center;\">Vielen Dank f\u00fcr Dein Engagement in den letzten 10 Jahren als erster Vorstand!<\/td>\n<\/tr>\n<tr style=\"height: 15px;\">\n<td style=\"height: 15px;\">\n<hr \/>\n<\/td>\n<\/tr>\n<tr style=\"height: 15px;\">\n<td style=\"height: 15px;\">\n<h3 style=\"text-align: center;\"><strong>Ramona<\/strong><\/h3>\n<\/td>\n<\/tr>\n<tr style=\"height: 15px;\">\n<td style=\"height: 15px; text-align: center;\"><strong><img decoding=\"async\" class=\" size-full wp-image-13\" src=\"https:\/\/custor-casteli.de\/wp-content\/uploads\/2016\/05\/Ehrenhain_Ramona.png\" alt=\"\" width=\"400px\" srcset=\"https:\/\/www.custor-casteli.de\/wp-content\/uploads\/2016\/05\/Ehrenhain_Ramona.png 800w, https:\/\/www.custor-casteli.de\/wp-content\/uploads\/2016\/05\/Ehrenhain_Ramona-300x287.png 300w, https:\/\/www.custor-casteli.de\/wp-content\/uploads\/2016\/05\/Ehrenhain_Ramona-768x733.png 768w\" sizes=\"(max-width: 800px) 100vw, 800px\" \/><\/strong><\/td>\n<\/tr>\n<tr style=\"height: 15px;\">\n<td style=\"height: 15px; text-align: center;\"><strong><em>Kinder- und Hundefl\u00fcsterin<\/em><\/strong><\/td>\n<\/tr>\n<tr style=\"height: 15px;\">\n<td style=\"height: 15px;\"><\/td>\n<\/tr>\n<tr style=\"height: 15px;\">\n<td style=\"height: 15px; text-align: center;\"><span style=\"text-decoration: underline;\">In Gedenken an Dich<\/span><\/td>\n<\/tr>\n<tr style=\"height: 15px;\">\n<td style=\"height: 15px; text-align: center;\">\u2020 11.10.2013 \u2020<\/td>\n<\/tr>\n<tr style=\"height: 15.91px;\">\n<td style=\"height: 15.91px;\">\n<hr \/>\n<\/td>\n<\/tr>\n<tr style=\"height: 15px;\">\n<td style=\"height: 15px;\">\n<h3 style=\"text-align: center;\"><strong>(Onkel) Werner L\u00f6ser<\/strong><\/h3>\n<\/td>\n<\/tr>\n<tr>\n<td style=\"text-align: center;\"><strong><img decoding=\"async\" class=\" size-full wp-image-14\" src=\"https:\/\/custor-casteli.de\/wp-content\/uploads\/2016\/05\/Ehrenhain_Werner.png\" alt=\"&quot;\" width=\"400px\" srcset=\"https:\/\/www.custor-casteli.de\/wp-content\/uploads\/2016\/05\/Ehrenhain_Werner.png 800w, https:\/\/www.custor-casteli.de\/wp-content\/uploads\/2016\/05\/Ehrenhain_Werner-300x287.png 300w, https:\/\/www.custor-casteli.de\/wp-content\/uploads\/2016\/05\/Ehrenhain_Werner-768x733.png 768w\" sizes=\"(max-width: 800px) 100vw, 800px\" \/><\/strong><\/td>\n<\/tr>\n<tr style=\"height: 15px;\">\n<td style=\"height: 15px; text-align: center;\"><strong><em>Ehrenmitglied<\/em><\/strong><\/td>\n<\/tr>\n<\/tbody>\n<\/table>\n","protected":false},"excerpt":{"rendered":"<p>Branwen und Hunno, die Kelten Custor Castelis Hausschamanen Custor Castelis hei\u00dfer Draht in die Anderswelt. Anna, die Bibliothekarin Custor Castelis Bibliothekarin Anna versorgt Custor Casteli mit unz\u00e4hligen B\u00fcchern. Im Geheimen will Anna allerdings alle Custoren mit ihren B\u00fcchern \u00fcber Funde in ihre Heimat nach Haithabu locken. Chris, der Siegelbewahrer Siegelbewahrer und Gr\u00fcndungsmitglied Vielen Dank f\u00fcr &hellip; <a href=\"https:\/\/www.custor-casteli.de\/?page_id=15\" class=\"more-link\"><span class=\"screen-reader-text\">Ehrenhain<\/span> weiterlesen <span class=\"meta-nav\">&rarr;<\/span><\/a><\/p>\n","protected":false},"author":1,"featured_media":0,"parent":9,"menu_order":61,"comment_status":"closed","ping_status":"closed","template":"","meta":{"footnotes":""},"class_list":["post-15","page","type-page","status-publish","hentry"],"_links":{"self":[{"href":"https:\/\/www.custor-casteli.de\/index.php?rest_route=\/wp\/v2\/pages\/15"}],"collection":[{"href":"https:\/\/www.custor-casteli.de\/index.php?rest_route=\/wp\/v2\/pages"}],"about":[{"href":"https:\/\/www.custor-casteli.de\/index.php?rest_route=\/wp\/v2\/types\/page"}],"author":[{"embeddable":true,"href":"https:\/\/www.custor-casteli.de\/index.php?rest_route=\/wp\/v2\/users\/1"}],"replies":[{"embeddable":true,"href":"https:\/\/www.custor-casteli.de\/index.php?rest_route=%2Fwp%2Fv2%2Fcomments&post=15"}],"version-history":[{"count":4,"href":"https:\/\/www.custor-casteli.de\/index.php?rest_route=\/wp\/v2\/pages\/15\/revisions"}],"predecessor-version":[{"id":404,"href":"https:\/\/www.custor-casteli.de\/index.php?rest_route=\/wp\/v2\/pages\/15\/revisions\/404"}],"up":[{"embeddable":true,"href":"https:\/\/www.custor-casteli.de\/index.php?rest_route=\/wp\/v2\/pages\/9"}],"wp:attachment":[{"href":"https:\/\/www.custor-casteli.de\/index.php?rest_route=%2Fwp%2Fv2%2Fmedia&parent=15"}],"curies":[{"name":"wp","href":"https:\/\/api.w.org\/{rel}","templated":true}]}}