{"id":138,"date":"2016-05-13T06:18:48","date_gmt":"2016-05-13T06:18:48","guid":{"rendered":"https:\/\/custor-casteli.de\/?page_id=138"},"modified":"2023-01-16T21:44:15","modified_gmt":"2023-01-16T21:44:15","slug":"die-friesen-gesetz","status":"publish","type":"page","link":"https:\/\/www.custor-casteli.de\/?page_id=138","title":{"rendered":"Das friesische Gesetz"},"content":{"rendered":"<hr \/>\n<p>Die<strong> Lex Frisionum <\/strong>(lateinisch f\u00fcr das Gesetz der Friesen) ist eine Sammlung fr\u00fchmittelalterlicher Rechtsvorschriften aus dem 8. Jahrhundert. In ihr werden Regeln aus dem \u00fcberlieferten friesischen Strafrecht gesammelt und mit oktroyierten (aufgezwungenen) fr\u00e4nkischen Gesetzen in einer \u00dcbersicht zusammengefasst. Die Sprache der fr\u00fchesten Version der Lex Frisionum ist Latein.<\/p>\n<p>Die Lex Frisionum ist ein Strafgesetzbuch, das f\u00fcr jede einzelne Tat ein genaues Strafma\u00df festlegt, welches in der Regel aus einer Geldsumme besteht. Es ist davon auszugehen, dass die Originalfassung der Lex Frisionum wie auch bei anderen germanischen Rechtstexten keinerlei Unterteilungen in Form von Kapiteln und Nummerierungen aufwies. Viele der Regeln und Gesetze kommen zudem doppelt und mehrfach vor. In der durch Herold \u00fcberlieferten Fassung wurde durch diesen selbst eine Einteilung vorgenommen, die bis heute f\u00fcr Referenzen auf den Text \u00fcblich ist. Danach unterteilt sich die Lex Frisionum in zwei Abschnitte. Der erste Abschnitt hei\u00dft \u201eEt haec est simpla compositio\u201c (\u201eUnd dies sind die einfachen Geldstrafen\u201c) und ist in 22 Kapitel eingeteilt, die jeweils einem eigenen Thema gewidmet sind: von Totschlag, \u00fcber Diebstahl und Hochzeit bis zu Entf\u00fchrung. Der zweite Abschnitt ist mit \u201eAdditio Sapientum\u201c (\u201eErg\u00e4nzungen der Weisen\u201c) \u00fcberschrieben und behandelt in elf Kapiteln Themen von Fehden bis zur Weihe eines Heiligtums.<\/p>\n<p><a href=\"https:\/\/custor-casteli.de\/wp-content\/uploads\/2016\/05\/Lex_Frisionum_802-803.pdf\" target=\"_blank\" rel=\"noopener noreferrer\">Lex Frisionum herunterladen<\/a><\/p>\n<p><embed src=\"files\/Lex_Frisionum_802-803.pdf\" type=\"application\/pdf\" width=\"100%\" height=\"700px\"><\/embed><\/p>\n","protected":false},"excerpt":{"rendered":"<p>Die Lex Frisionum (lateinisch f\u00fcr das Gesetz der Friesen) ist eine Sammlung fr\u00fchmittelalterlicher Rechtsvorschriften aus dem 8. Jahrhundert. In ihr werden Regeln aus dem \u00fcberlieferten friesischen Strafrecht gesammelt und mit oktroyierten (aufgezwungenen) fr\u00e4nkischen Gesetzen in einer \u00dcbersicht zusammengefasst. Die Sprache der fr\u00fchesten Version der Lex Frisionum ist Latein. Die Lex Frisionum ist ein Strafgesetzbuch, das &hellip; <a href=\"https:\/\/www.custor-casteli.de\/?page_id=138\" class=\"more-link\"><span class=\"screen-reader-text\">Das friesische Gesetz<\/span> weiterlesen <span class=\"meta-nav\">&rarr;<\/span><\/a><\/p>\n","protected":false},"author":1,"featured_media":0,"parent":108,"menu_order":16,"comment_status":"closed","ping_status":"closed","template":"","meta":{"footnotes":""},"class_list":["post-138","page","type-page","status-publish","hentry"],"_links":{"self":[{"href":"https:\/\/www.custor-casteli.de\/index.php?rest_route=\/wp\/v2\/pages\/138"}],"collection":[{"href":"https:\/\/www.custor-casteli.de\/index.php?rest_route=\/wp\/v2\/pages"}],"about":[{"href":"https:\/\/www.custor-casteli.de\/index.php?rest_route=\/wp\/v2\/types\/page"}],"author":[{"embeddable":true,"href":"https:\/\/www.custor-casteli.de\/index.php?rest_route=\/wp\/v2\/users\/1"}],"replies":[{"embeddable":true,"href":"https:\/\/www.custor-casteli.de\/index.php?rest_route=%2Fwp%2Fv2%2Fcomments&post=138"}],"version-history":[{"count":2,"href":"https:\/\/www.custor-casteli.de\/index.php?rest_route=\/wp\/v2\/pages\/138\/revisions"}],"predecessor-version":[{"id":361,"href":"https:\/\/www.custor-casteli.de\/index.php?rest_route=\/wp\/v2\/pages\/138\/revisions\/361"}],"up":[{"embeddable":true,"href":"https:\/\/www.custor-casteli.de\/index.php?rest_route=\/wp\/v2\/pages\/108"}],"wp:attachment":[{"href":"https:\/\/www.custor-casteli.de\/index.php?rest_route=%2Fwp%2Fv2%2Fmedia&parent=138"}],"curies":[{"name":"wp","href":"https:\/\/api.w.org\/{rel}","templated":true}]}}