{"id":134,"date":"2016-05-13T06:18:48","date_gmt":"2016-05-13T06:18:48","guid":{"rendered":"https:\/\/custor-casteli.de\/?page_id=134"},"modified":"2023-01-16T21:31:59","modified_gmt":"2023-01-16T21:31:59","slug":"die-karolinger","status":"publish","type":"page","link":"https:\/\/www.custor-casteli.de\/?page_id=134","title":{"rendered":"Die Karolinger"},"content":{"rendered":"<hr>\n<p>Karolinger ist der auf Karl Martell zur\u00fcckgehende Hausname des Herrschergeschlechts der westgermanischen Franken, das ab 751 im Frankenreich die K\u00f6nigsw\u00fcrde innehatte. Sein ber\u00fchmtester Vertreter war Karl der Gro\u00dfe, von dem die sp\u00e4teren karolingischen Herrscher abstammten. Nach der Teilung des Karolingerreichs im Jahr 843 regierten die Karolinger im Ostfrankenreich bis zu ihrem dortigen Aussterben im Jahr 911, im Westfrankenreich mit zwei Unterbrechungen bis zum Dynastiewechsel von 987, der die Kapetinger an die Macht brachte. Im Herzogtum Niederlothringen herrschte noch bis ins fr\u00fche 11. Jahrhundert ein Seitenzweig der westfr\u00e4nkischen Karolinger. Mit diesem starb das Karolingergeschlecht im Mannesstamm aus (wenn man nur die nachfolgeberechtigten ehelichen S\u00f6hne ber\u00fccksichtigt).<\/p>\n<p><img fetchpriority=\"high\" decoding=\"async\" class=\" size-full wp-image-133\" src=\"https:\/\/custor-casteli.de\/wp-content\/uploads\/2016\/05\/karl_der_grosse.jpg\" alt=\"\" width=\"900\" height=\"706\" srcset=\"https:\/\/www.custor-casteli.de\/wp-content\/uploads\/2016\/05\/karl_der_grosse.jpg 900w, https:\/\/www.custor-casteli.de\/wp-content\/uploads\/2016\/05\/karl_der_grosse-300x235.jpg 300w, https:\/\/www.custor-casteli.de\/wp-content\/uploads\/2016\/05\/karl_der_grosse-768x602.jpg 768w\" sizes=\"(max-width: 900px) 100vw, 900px\" \/><\/p>\n<p>Nicht thronf\u00e4hige Nachkommen unehelicher Kinder der karolingischen Herrscher sowie Nachkommen Karls des Gro\u00dfen in weiblicher Linie \u00fcberlebten jedoch in gro\u00dfer Zahl.<\/p>\n","protected":false},"excerpt":{"rendered":"<p>Karolinger ist der auf Karl Martell zur\u00fcckgehende Hausname des Herrschergeschlechts der westgermanischen Franken, das ab 751 im Frankenreich die K\u00f6nigsw\u00fcrde innehatte. Sein ber\u00fchmtester Vertreter war Karl der Gro\u00dfe, von dem die sp\u00e4teren karolingischen Herrscher abstammten. Nach der Teilung des Karolingerreichs im Jahr 843 regierten die Karolinger im Ostfrankenreich bis zu ihrem dortigen Aussterben im Jahr &hellip; <a href=\"https:\/\/www.custor-casteli.de\/?page_id=134\" class=\"more-link\"><span class=\"screen-reader-text\">Die Karolinger<\/span> weiterlesen <span class=\"meta-nav\">&rarr;<\/span><\/a><\/p>\n","protected":false},"author":1,"featured_media":0,"parent":132,"menu_order":18,"comment_status":"closed","ping_status":"closed","template":"","meta":{"footnotes":""},"class_list":["post-134","page","type-page","status-publish","hentry"],"_links":{"self":[{"href":"https:\/\/www.custor-casteli.de\/index.php?rest_route=\/wp\/v2\/pages\/134"}],"collection":[{"href":"https:\/\/www.custor-casteli.de\/index.php?rest_route=\/wp\/v2\/pages"}],"about":[{"href":"https:\/\/www.custor-casteli.de\/index.php?rest_route=\/wp\/v2\/types\/page"}],"author":[{"embeddable":true,"href":"https:\/\/www.custor-casteli.de\/index.php?rest_route=\/wp\/v2\/users\/1"}],"replies":[{"embeddable":true,"href":"https:\/\/www.custor-casteli.de\/index.php?rest_route=%2Fwp%2Fv2%2Fcomments&post=134"}],"version-history":[{"count":3,"href":"https:\/\/www.custor-casteli.de\/index.php?rest_route=\/wp\/v2\/pages\/134\/revisions"}],"predecessor-version":[{"id":353,"href":"https:\/\/www.custor-casteli.de\/index.php?rest_route=\/wp\/v2\/pages\/134\/revisions\/353"}],"up":[{"embeddable":true,"href":"https:\/\/www.custor-casteli.de\/index.php?rest_route=\/wp\/v2\/pages\/132"}],"wp:attachment":[{"href":"https:\/\/www.custor-casteli.de\/index.php?rest_route=%2Fwp%2Fv2%2Fmedia&parent=134"}],"curies":[{"name":"wp","href":"https:\/\/api.w.org\/{rel}","templated":true}]}}