{"id":132,"date":"2016-05-13T06:18:48","date_gmt":"2016-05-13T06:18:48","guid":{"rendered":"https:\/\/custor-casteli.de\/?page_id=132"},"modified":"2023-01-16T21:30:48","modified_gmt":"2023-01-16T21:30:48","slug":"die-franken","status":"publish","type":"page","link":"https:\/\/www.custor-casteli.de\/?page_id=132","title":{"rendered":"Die Franken im Mittelalter"},"content":{"rendered":"<hr>\n<p>Die Franken (sinngem\u00e4\u00df \u201edie Mutigen, K\u00fchnen\u201c) waren einer der germanischen Gro\u00dfst\u00e4mme. Sie formierten sich im 2.\/3. Jahrhundert im Umfeld des von den R\u00f6mern besetzten Teiles Germaniens durch B\u00fcndnisse mehrerer Kleinst\u00e4mme.<\/p>\n<p>Die Franken wurden erstmals Ende der 50er-Jahre des 3. Jahrhunderts als Franci in r\u00f6mischen Quellen erw\u00e4hnt. Salische Franken (auch Salier genannt) und Rheinfranken expandierten zun\u00e4chst r\u00e4umlich getrennt \u2013 die Salier \u00fcber Toxandrien nach Gallien, die Rheinfranken \u00fcber den Mittelrhein und das Moselgebiet nach S\u00fcden und in die ehemals linksrheinische r\u00f6mische Provinz Gallia Belgica. Fr\u00e4nkische Krieger dienten dem Kaiser im 4. und 5. Jahrhundert als foederati, bevor sie im \u00dcbergang von der Sp\u00e4tantike ins Fr\u00fchmittelalter das bedeutendste germanisch-romanische Nachfolgereich im Westen gr\u00fcndeten, wo der letzte westr\u00f6mische Kaiser 476 abgesetzt worden war. Der Merowinger Chlodwig I. vereinigte Ende des 5.\/Anfang des 6. Jahrhunderts erstmals die Teilverb\u00e4nde der Salfranken und Rheinfranken und schuf das Fr\u00e4nkische Reich, das unter dem Karolinger Karl dem Gro\u00dfen seine gr\u00f6\u00dfte Ausdehnung erfuhr.<\/p>\n<p><img fetchpriority=\"high\" decoding=\"async\" class=\" size-full wp-image-131\" src=\"https:\/\/custor-casteli.de\/wp-content\/uploads\/2016\/05\/franken.jpg\" alt=\"\" width=\"900\" height=\"637\" srcset=\"https:\/\/www.custor-casteli.de\/wp-content\/uploads\/2016\/05\/franken.jpg 900w, https:\/\/www.custor-casteli.de\/wp-content\/uploads\/2016\/05\/franken-300x212.jpg 300w, https:\/\/www.custor-casteli.de\/wp-content\/uploads\/2016\/05\/franken-768x544.jpg 768w\" sizes=\"(max-width: 900px) 100vw, 900px\" \/><\/p>\n","protected":false},"excerpt":{"rendered":"<p>Die Franken (sinngem\u00e4\u00df \u201edie Mutigen, K\u00fchnen\u201c) waren einer der germanischen Gro\u00dfst\u00e4mme. Sie formierten sich im 2.\/3. Jahrhundert im Umfeld des von den R\u00f6mern besetzten Teiles Germaniens durch B\u00fcndnisse mehrerer Kleinst\u00e4mme. Die Franken wurden erstmals Ende der 50er-Jahre des 3. Jahrhunderts als Franci in r\u00f6mischen Quellen erw\u00e4hnt. Salische Franken (auch Salier genannt) und Rheinfranken expandierten zun\u00e4chst &hellip; <a href=\"https:\/\/www.custor-casteli.de\/?page_id=132\" class=\"more-link\"><span class=\"screen-reader-text\">Die Franken im Mittelalter<\/span> weiterlesen <span class=\"meta-nav\">&rarr;<\/span><\/a><\/p>\n","protected":false},"author":1,"featured_media":0,"parent":118,"menu_order":19,"comment_status":"closed","ping_status":"closed","template":"","meta":{"footnotes":""},"class_list":["post-132","page","type-page","status-publish","hentry"],"_links":{"self":[{"href":"https:\/\/www.custor-casteli.de\/index.php?rest_route=\/wp\/v2\/pages\/132"}],"collection":[{"href":"https:\/\/www.custor-casteli.de\/index.php?rest_route=\/wp\/v2\/pages"}],"about":[{"href":"https:\/\/www.custor-casteli.de\/index.php?rest_route=\/wp\/v2\/types\/page"}],"author":[{"embeddable":true,"href":"https:\/\/www.custor-casteli.de\/index.php?rest_route=\/wp\/v2\/users\/1"}],"replies":[{"embeddable":true,"href":"https:\/\/www.custor-casteli.de\/index.php?rest_route=%2Fwp%2Fv2%2Fcomments&post=132"}],"version-history":[{"count":3,"href":"https:\/\/www.custor-casteli.de\/index.php?rest_route=\/wp\/v2\/pages\/132\/revisions"}],"predecessor-version":[{"id":352,"href":"https:\/\/www.custor-casteli.de\/index.php?rest_route=\/wp\/v2\/pages\/132\/revisions\/352"}],"up":[{"embeddable":true,"href":"https:\/\/www.custor-casteli.de\/index.php?rest_route=\/wp\/v2\/pages\/118"}],"wp:attachment":[{"href":"https:\/\/www.custor-casteli.de\/index.php?rest_route=%2Fwp%2Fv2%2Fmedia&parent=132"}],"curies":[{"name":"wp","href":"https:\/\/api.w.org\/{rel}","templated":true}]}}