{"id":130,"date":"2016-05-13T06:18:48","date_gmt":"2016-05-13T06:18:48","guid":{"rendered":"https:\/\/custor-casteli.de\/?page_id=130"},"modified":"2023-01-16T21:34:54","modified_gmt":"2023-01-16T21:34:54","slug":"die-tuareg","status":"publish","type":"page","link":"https:\/\/www.custor-casteli.de\/?page_id=130","title":{"rendered":"Die Tuareg"},"content":{"rendered":"<hr>\n<p>Die Tuareg (Singular: Targi (m\u00e4nnlich), Targia (weiblich) sind ein zu den Berbern z\u00e4hlendes Volk in Afrika, dessen Siedlungsgebiet sich \u00fcber die W\u00fcste Sahara und den Sahel erstreckt.<br \/>\nSie sollen Nachkommen der altberberischen Garamanten sein, die um die Zeitenwende in den Regionen des heutigen S\u00fcdtunesiens und Libyens ein kriegerisches Kamelnomadentum entwickelt hatten. Im 11. Jahrhundert wurden sie von arabischen Beduinen vom Stamm der Ban\u016b Hil\u0101l aus dem Fessan vertrieben und sahen sich abgedr\u00e4ngt in die Gebiete der zentralen Sahara, insbesondere das Tassili n&#8217;Ajjer, A\u00efr und Ahaggar, wo sie seit dieser Zeit leben.<\/p>\n<p>Insoweit konnten sie sich einer Arabisierung ihrer Kultur (Schrift, Sprache, Handwerkskultur, matrilineare Sozialstrukturen) entziehen. Gleichwohl \u00fcbernahmen sie den Islam.<\/p>\n<p>Das dunkelblaue Gebiet zeigt die Verbreitung der Tuareg in Nordafrika:<br \/>\n<img fetchpriority=\"high\" decoding=\"async\" class=\" size-full wp-image-129\" src=\"https:\/\/custor-casteli.de\/wp-content\/uploads\/2016\/05\/Distributions_of_Berber_people-map.jpg\" alt=\"\" width=\"900\" height=\"633\" srcset=\"https:\/\/www.custor-casteli.de\/wp-content\/uploads\/2016\/05\/Distributions_of_Berber_people-map.jpg 900w, https:\/\/www.custor-casteli.de\/wp-content\/uploads\/2016\/05\/Distributions_of_Berber_people-map-300x211.jpg 300w, https:\/\/www.custor-casteli.de\/wp-content\/uploads\/2016\/05\/Distributions_of_Berber_people-map-768x540.jpg 768w\" sizes=\"(max-width: 900px) 100vw, 900px\" \/><\/p>\n<p>Seit der ersten Wanderungswelle der Umayyaden von der Halbinsel nach Nordafrika arabisierte sich der Maghreb und \u00c4gypten. Die Tuareg wurden \u00fcber die Handelswege zu Muslimen, obwohl sie sich anfangs sehr stark gegen eine Missionierung wehrten, denn die den Islam verbreitenden Araber waren ihre angestammten Feinde. Tuareg sind Muslime der Malikiten-Rechtsschule (wie fast ganz Nordafrika), und geh\u00f6ren diversen Bruderschaften an. An die Regeln des Islams halten sie sich \u00fcberwiegend streng. Ihren Glauben an gute und b\u00f6se Geister (Kel Essuf) konnten sie in die muslimische Religion einf\u00fcgen, da auch der Islam das Vorhandensein von Geistern im Koran erw\u00e4hnt. Zu ihrer Abwehr sind f\u00fcr sie Amulette, in Leder eingebundene magische Zeichen, unverzichtbar. Die Frauen tragen als Amulett-Schmuck die Chomeissa, eine abstrahierte Form der Hand der Fatima.<\/p>\n","protected":false},"excerpt":{"rendered":"<p>Die Tuareg (Singular: Targi (m\u00e4nnlich), Targia (weiblich) sind ein zu den Berbern z\u00e4hlendes Volk in Afrika, dessen Siedlungsgebiet sich \u00fcber die W\u00fcste Sahara und den Sahel erstreckt. Sie sollen Nachkommen der altberberischen Garamanten sein, die um die Zeitenwende in den Regionen des heutigen S\u00fcdtunesiens und Libyens ein kriegerisches Kamelnomadentum entwickelt hatten. Im 11. Jahrhundert wurden &hellip; <a href=\"https:\/\/www.custor-casteli.de\/?page_id=130\" class=\"more-link\"><span class=\"screen-reader-text\">Die Tuareg<\/span> weiterlesen <span class=\"meta-nav\">&rarr;<\/span><\/a><\/p>\n","protected":false},"author":1,"featured_media":0,"parent":128,"menu_order":20,"comment_status":"closed","ping_status":"closed","template":"","meta":{"footnotes":""},"class_list":["post-130","page","type-page","status-publish","hentry"],"_links":{"self":[{"href":"https:\/\/www.custor-casteli.de\/index.php?rest_route=\/wp\/v2\/pages\/130"}],"collection":[{"href":"https:\/\/www.custor-casteli.de\/index.php?rest_route=\/wp\/v2\/pages"}],"about":[{"href":"https:\/\/www.custor-casteli.de\/index.php?rest_route=\/wp\/v2\/types\/page"}],"author":[{"embeddable":true,"href":"https:\/\/www.custor-casteli.de\/index.php?rest_route=\/wp\/v2\/users\/1"}],"replies":[{"embeddable":true,"href":"https:\/\/www.custor-casteli.de\/index.php?rest_route=%2Fwp%2Fv2%2Fcomments&post=130"}],"version-history":[{"count":3,"href":"https:\/\/www.custor-casteli.de\/index.php?rest_route=\/wp\/v2\/pages\/130\/revisions"}],"predecessor-version":[{"id":355,"href":"https:\/\/www.custor-casteli.de\/index.php?rest_route=\/wp\/v2\/pages\/130\/revisions\/355"}],"up":[{"embeddable":true,"href":"https:\/\/www.custor-casteli.de\/index.php?rest_route=\/wp\/v2\/pages\/128"}],"wp:attachment":[{"href":"https:\/\/www.custor-casteli.de\/index.php?rest_route=%2Fwp%2Fv2%2Fmedia&parent=130"}],"curies":[{"name":"wp","href":"https:\/\/api.w.org\/{rel}","templated":true}]}}