{"id":128,"date":"2016-05-13T06:18:48","date_gmt":"2016-05-13T06:18:48","guid":{"rendered":"https:\/\/custor-casteli.de\/?page_id=128"},"modified":"2023-01-16T21:33:30","modified_gmt":"2023-01-16T21:33:30","slug":"die-berber","status":"publish","type":"page","link":"https:\/\/www.custor-casteli.de\/?page_id=128","title":{"rendered":"Die Berber"},"content":{"rendered":"<hr>\n<p>Berber (mazirisch \u2d49\u2d4e\u2d30\u2d63\u2d49\u2d56\u2d4f, Imazi\u0263en, Schreibvariante Amazigh, Pl. Imazighen) sind eine Ethnie der nordafrikanischen L\u00e4nder Marokko, Algerien, Tunesien, Libyen und Mauretanien.<br \/>\nZeugnisse \u00fcber die Berber waren schon im alten \u00c4gypten (als Lebu, Tehenu, Meschwesch) sowie in griechischen und r\u00f6mischen Quellen bekannt.<br \/>\nViele Jahrhunderte lang bewohnten die Berber die K\u00fcste Nordafrikas von \u00c4gypten bis zum Atlantischen Ozean. W\u00e4hrenddessen erlebten die K\u00fcstenregionen Nordafrikas eine lange Reihe von Eroberern, Siedlern und Kolonisatoren: der Ph\u00f6nizier, die Karthago gr\u00fcndeten, Griechen (haupts\u00e4chlich in Kyrene), R\u00f6mer, Vandalen, Alanen, Byzantiner.<\/p>\n<p><img fetchpriority=\"high\" decoding=\"async\" class=\" size-full wp-image-127\" src=\"https:\/\/custor-casteli.de\/wp-content\/uploads\/2016\/05\/berber.jpg\" alt=\"\" width=\"900\" height=\"1341\" srcset=\"https:\/\/www.custor-casteli.de\/wp-content\/uploads\/2016\/05\/berber.jpg 900w, https:\/\/www.custor-casteli.de\/wp-content\/uploads\/2016\/05\/berber-201x300.jpg 201w, https:\/\/www.custor-casteli.de\/wp-content\/uploads\/2016\/05\/berber-687x1024.jpg 687w, https:\/\/www.custor-casteli.de\/wp-content\/uploads\/2016\/05\/berber-768x1144.jpg 768w\" sizes=\"(max-width: 900px) 100vw, 900px\" \/><\/p>\n<p>Tamazight bezeichnet die Berbersprache allgemein und fungiert als Standarddialekt, Berber werden Amazigh genannt. F\u00fcr die \u00fcberwiegend gesprochene Sprache wurde ein Alphabet entwickelt, das Tifinagh genannt wird.<\/p>\n<p>Die \u00dcberpr\u00e4gung durch fremde Religionen hinderte die Berber nicht, an ihrem animistischen Glauben an Naturkr\u00e4fte festzuhalten. Vor der Islamisierung hatten manche den j\u00fcdischen und sp\u00e4ter, um ihre Abneigung gegen die r\u00f6mische Vorherrschaft zu demonstrieren, den christlichen Glauben angenommen. Auch nach dem \u00dcbertritt zum Islam behielten sie Elemente einer alten ethnischen Religion bei, wie Mythen, M\u00e4rchen, Feldkult, die Verehrung von Wassergr\u00e4ben und der Geisterglaube zeigen.<\/p>\n","protected":false},"excerpt":{"rendered":"<p>Berber (mazirisch \u2d49\u2d4e\u2d30\u2d63\u2d49\u2d56\u2d4f, Imazi\u0263en, Schreibvariante Amazigh, Pl. Imazighen) sind eine Ethnie der nordafrikanischen L\u00e4nder Marokko, Algerien, Tunesien, Libyen und Mauretanien. Zeugnisse \u00fcber die Berber waren schon im alten \u00c4gypten (als Lebu, Tehenu, Meschwesch) sowie in griechischen und r\u00f6mischen Quellen bekannt. Viele Jahrhunderte lang bewohnten die Berber die K\u00fcste Nordafrikas von \u00c4gypten bis zum Atlantischen Ozean. &hellip; <a href=\"https:\/\/www.custor-casteli.de\/?page_id=128\" class=\"more-link\"><span class=\"screen-reader-text\">Die Berber<\/span> weiterlesen <span class=\"meta-nav\">&rarr;<\/span><\/a><\/p>\n","protected":false},"author":1,"featured_media":0,"parent":118,"menu_order":21,"comment_status":"closed","ping_status":"closed","template":"","meta":{"footnotes":""},"class_list":["post-128","page","type-page","status-publish","hentry"],"_links":{"self":[{"href":"https:\/\/www.custor-casteli.de\/index.php?rest_route=\/wp\/v2\/pages\/128"}],"collection":[{"href":"https:\/\/www.custor-casteli.de\/index.php?rest_route=\/wp\/v2\/pages"}],"about":[{"href":"https:\/\/www.custor-casteli.de\/index.php?rest_route=\/wp\/v2\/types\/page"}],"author":[{"embeddable":true,"href":"https:\/\/www.custor-casteli.de\/index.php?rest_route=\/wp\/v2\/users\/1"}],"replies":[{"embeddable":true,"href":"https:\/\/www.custor-casteli.de\/index.php?rest_route=%2Fwp%2Fv2%2Fcomments&post=128"}],"version-history":[{"count":3,"href":"https:\/\/www.custor-casteli.de\/index.php?rest_route=\/wp\/v2\/pages\/128\/revisions"}],"predecessor-version":[{"id":354,"href":"https:\/\/www.custor-casteli.de\/index.php?rest_route=\/wp\/v2\/pages\/128\/revisions\/354"}],"up":[{"embeddable":true,"href":"https:\/\/www.custor-casteli.de\/index.php?rest_route=\/wp\/v2\/pages\/118"}],"wp:attachment":[{"href":"https:\/\/www.custor-casteli.de\/index.php?rest_route=%2Fwp%2Fv2%2Fmedia&parent=128"}],"curies":[{"name":"wp","href":"https:\/\/api.w.org\/{rel}","templated":true}]}}