{"id":126,"date":"2016-05-13T06:18:48","date_gmt":"2016-05-13T06:18:48","guid":{"rendered":"https:\/\/custor-casteli.de\/?page_id=126"},"modified":"2023-01-16T21:38:26","modified_gmt":"2023-01-16T21:38:26","slug":"die-edda","status":"publish","type":"page","link":"https:\/\/www.custor-casteli.de\/?page_id=126","title":{"rendered":"Die Edda"},"content":{"rendered":"<hr>\n<p>Das heutige Wissen \u00fcber die Wikinger basiert im Grunde auf dreierlei Quellen: arch\u00e4ologische Funde, schriftliche \u00dcberlieferungen, die im Regelfall nicht von den Wikingern selbst stammen, und die nordischen Sagas ( &#8222;Die Edda&#8220;).<\/p>\n<p>Als Edda werden zwei verschiedene, in altisl\u00e4ndischer Sprache verfasste, literarische Werke bezeichnet. Beide wurden im 13. Jahrhundert im christianisierten Island niedergeschrieben und behandeln skandinavische G\u00f6tter- und Heldensagen. Trotz dieser Gemeinsamkeiten sind sie unterschiedlichen Ursprungs und literarischen Charakters.<\/p>\n<p>Urspr\u00fcnglich kam dieser Name nur einem Werk, der Snorra-Edda des Snorri Sturluson (\u2020 1241), zu, das dieser um 1220 f\u00fcr den norwegischen K\u00f6nig H\u00e1kon H\u00e1konarson und den Jarl Sk\u00fali verfasste. Es ist ein Lehrbuch f\u00fcr Skalden (die altnordische Bezeichnung f\u00fcr \u201eDichter\u201c) und gliedert sich in drei Teile, deren erste beiden die mythologischen und sagenm\u00e4\u00dfigen stofflichen Grundlagen der Skaldendichtung unter Benutzung alter mythologischer Lieder und Heldenlieder in Prosa nacherz\u00e4hlen. Der dritte Teil, das \u201eStrophenverzeichnis\u201c, bringt f\u00fcr jede Strophenform eine Beispielstrophe. In dieses Werk schiebt er oftmals als Beispiele einzelne Strophen oder kurze Strophenfolgen aus alten Liedern ein. So werden hier ganz nebenbei Lieder von ungewissem Alter \u00fcberliefert.<\/p>\n<p>Das zweite Werk, welches als Lieder-Edda bezeichnet wird, wurde erst im sp\u00e4ten Mittelalter so benannt, doch der Name hat sich eingeb\u00fcrgert und gilt als die bekanntere Edda: Um 1270 wurde auf Island eine Sammlung Lieder unterschiedlichen Alters niedergeschrieben. Einige der von Snorri zitierten Strophen stimmen fast w\u00f6rtlich damit \u00fcberein. Diese Sammlung \u00fcberliefert aber ganze Lieder, nicht nur Ausschnitte, und verbindet nur ganz wenige Texte durch Inhaltsangaben in Prosa.<\/p>\n<p><img fetchpriority=\"high\" decoding=\"async\" class=\" size-full wp-image-125\" src=\"https:\/\/custor-casteli.de\/wp-content\/uploads\/2016\/05\/edda.jpg\" alt=\"\" width=\"900\" height=\"1217\" srcset=\"https:\/\/www.custor-casteli.de\/wp-content\/uploads\/2016\/05\/edda.jpg 900w, https:\/\/www.custor-casteli.de\/wp-content\/uploads\/2016\/05\/edda-222x300.jpg 222w, https:\/\/www.custor-casteli.de\/wp-content\/uploads\/2016\/05\/edda-757x1024.jpg 757w, https:\/\/www.custor-casteli.de\/wp-content\/uploads\/2016\/05\/edda-768x1039.jpg 768w\" sizes=\"(max-width: 900px) 100vw, 900px\" \/><\/p>\n<p>Als Abgrenzung der beiden Werke voneinander werden die Werke in der Literatur als Snorra-Edda und Lieder-Edda bezeichnet. Auf Grund der Annahme, dass die Texte der Lieder-Edda zum Gro\u00dfteil Snorri schon bekannt waren, wird die Lieder-Edda oft auch als \u201e\u00c4ltere Edda\u201c und die Snorra-Edda als \u201eJ\u00fcngere Edda\u201c bezeichnet. Da aber die Liedersammlung wahrscheinlich erst nach dem Erscheinen der Snorra-Edda zusammengestellt wurde, sind diese Namen verwirrend und werden heute vermieden. Es wird auch bezweifelt, dass die Sammlung der Lieder-Edda so alt ist, dass sie schon auf Saemund den Weisen zur\u00fcckgehen k\u00f6nnte; der Name S\u00e6mundar-Edda, mit dem sie bis zum 19. Jahrhundert oft bezeichnet wurde, ist daher wohl falsch. Da die Snorra-Edda, obwohl ihr fortlaufender Text in Prosa geschrieben ist, sehr viele Strophen als Beispiele enth\u00e4lt, und die Lieder-Edda zwar wenige, aber doch einige Prosa-Zwischentexte enth\u00e4lt, ist es auch ung\u00fcnstig, die Snorra-Edda als \u201eProsa-Edda\u201c und die Lieder-Edda als \u201ePoetische Edda\u201c zu bezeichnen.<\/p>\n","protected":false},"excerpt":{"rendered":"<p>Das heutige Wissen \u00fcber die Wikinger basiert im Grunde auf dreierlei Quellen: arch\u00e4ologische Funde, schriftliche \u00dcberlieferungen, die im Regelfall nicht von den Wikingern selbst stammen, und die nordischen Sagas ( &#8222;Die Edda&#8220;). Als Edda werden zwei verschiedene, in altisl\u00e4ndischer Sprache verfasste, literarische Werke bezeichnet. Beide wurden im 13. Jahrhundert im christianisierten Island niedergeschrieben und behandeln &hellip; <a href=\"https:\/\/www.custor-casteli.de\/?page_id=126\" class=\"more-link\"><span class=\"screen-reader-text\">Die Edda<\/span> weiterlesen <span class=\"meta-nav\">&rarr;<\/span><\/a><\/p>\n","protected":false},"author":1,"featured_media":0,"parent":124,"menu_order":22,"comment_status":"closed","ping_status":"closed","template":"","meta":{"footnotes":""},"class_list":["post-126","page","type-page","status-publish","hentry"],"_links":{"self":[{"href":"https:\/\/www.custor-casteli.de\/index.php?rest_route=\/wp\/v2\/pages\/126"}],"collection":[{"href":"https:\/\/www.custor-casteli.de\/index.php?rest_route=\/wp\/v2\/pages"}],"about":[{"href":"https:\/\/www.custor-casteli.de\/index.php?rest_route=\/wp\/v2\/types\/page"}],"author":[{"embeddable":true,"href":"https:\/\/www.custor-casteli.de\/index.php?rest_route=\/wp\/v2\/users\/1"}],"replies":[{"embeddable":true,"href":"https:\/\/www.custor-casteli.de\/index.php?rest_route=%2Fwp%2Fv2%2Fcomments&post=126"}],"version-history":[{"count":3,"href":"https:\/\/www.custor-casteli.de\/index.php?rest_route=\/wp\/v2\/pages\/126\/revisions"}],"predecessor-version":[{"id":357,"href":"https:\/\/www.custor-casteli.de\/index.php?rest_route=\/wp\/v2\/pages\/126\/revisions\/357"}],"up":[{"embeddable":true,"href":"https:\/\/www.custor-casteli.de\/index.php?rest_route=\/wp\/v2\/pages\/124"}],"wp:attachment":[{"href":"https:\/\/www.custor-casteli.de\/index.php?rest_route=%2Fwp%2Fv2%2Fmedia&parent=126"}],"curies":[{"name":"wp","href":"https:\/\/api.w.org\/{rel}","templated":true}]}}