{"id":124,"date":"2016-05-13T06:18:48","date_gmt":"2016-05-13T06:18:48","guid":{"rendered":"https:\/\/custor-casteli.de\/?page_id=124"},"modified":"2023-01-17T07:00:38","modified_gmt":"2023-01-17T07:00:38","slug":"die-wikinger","status":"publish","type":"page","link":"https:\/\/www.custor-casteli.de\/?page_id=124","title":{"rendered":"Die Wikinger"},"content":{"rendered":"<hr \/>\n<h3>Zeitspanne<\/h3>\n<p>Auch wenn es schon fr\u00fcher \u00dcberf\u00e4lle durch Wikinger gab, wird das Jahr 793 als konkreter Beginn der historischen Wikingerzeit genannt. In diesem Jahr wurde das Kloster Lindisfarne in Northumbrien vor der Nordostk\u00fcste Englands \u00fcberfallen. Als Ende der Wikingerzeit wird das Jahr 1066 genannt. In diesem Jahr scheiterte die Englandinvasion von Harald des Harten (Haraldr hardradi, aus Norwegen). Doch unmittelbar nach der Schlacht von Stamford Bridge (25.09.1066), in der Harald fiel, wurde England durch die Normannen erobert. Angef\u00fchrt wurden diese von Wilhelm dem Eroberer, der die Engl\u00e4nder bei der Schlacht von Hastings (14.10.1066) bezwang.<\/p>\n<h3>Namensgebung der skandinavischen Seefahrer<\/h3>\n<p>In den Anglo-Saxon Chronicle werden die Wikinger bei den fr\u00fchen Angriffen als pagani (Heiden) bezeichnet, ohne dabei die Herkunft der Angreifer zu ber\u00fccksichtigen. Etwas sp\u00e4ter werden sie auch barbari oder piratae (Seer\u00e4uber) genannt.<\/p>\n<p>Ab dem 9. Jahrhundert werden die Bezeichnungen dann etwas spezifischer. Bei den Franken werden sie pyratae danorum (D\u00e4nische Seer\u00e4uber) oder einfach Dani (D\u00e4nen) genannt. Der Biograph Karls des Gro\u00dfen, Einhard, benennt die skandinavischen V\u00f6lker allgemein auch als Nordmanni. Adam von Bremen (sp\u00e4tes 11. Jahrhundert) erw\u00e4hnt, dass die fr\u00e4nkischen Chronisten die Skandinavier auch als Normannen oder ascomannos (Eschen-M\u00e4nner) bezeichnen.<\/p>\n<p>Bei den Arabern hatten sie den Namen al-Majus (Heiden) und bei den Byzantinern Rhos, Baraggoi oder Normanni (Bischof von Cremona besuchte 948-950 Byzanz). Die Iren hatten zwei Namen und unterschieden dabei gleich die Herkunft und zwar Finn-gail (wei\u00dfer Fremde) f\u00fcr Norweger und Dubh-gail (schwarze Fremde) f\u00fcr D\u00e4nen.<\/p>\n<p>Der Ursprung der modernen Bezeichnung &#8222;Wikinger&#8220; ist nicht eindeutig zu ermitteln. Eine der vielen Theorien ist, dass sich das Wort von vik (Bucht, Fjord) ableitet. Eine andere besagt, es leite sich von viking (Raubfahrt, Wikingerfahrt) oder vikingr (Wikinger) ab. Beide Begriffe sind schon vor der Wikingerzeit im 7. Jahrhundert belegt und beziehen sich auf die Seer\u00e4uberei. Es gibt kaum Belege daf\u00fcr, dass sich die Skandinavier selbst als Wikinger bezeichnen. Einen Runenstein in der schwedischen Landschaft Vesterg\u00f6tland widmet eine Mutter ihrem Sohn: &#8222;Er starb im Westen auf Wikingerfahrt (\u00ed v\u00edkingu)&#8220;.<\/p>\n<p><img fetchpriority=\"high\" decoding=\"async\" class=\" size-full wp-image-123\" src=\"https:\/\/custor-casteli.de\/wp-content\/uploads\/2016\/05\/wikinger.jpg\" alt=\"\" width=\"900\" height=\"559\" srcset=\"https:\/\/www.custor-casteli.de\/wp-content\/uploads\/2016\/05\/wikinger.jpg 900w, https:\/\/www.custor-casteli.de\/wp-content\/uploads\/2016\/05\/wikinger-300x186.jpg 300w, https:\/\/www.custor-casteli.de\/wp-content\/uploads\/2016\/05\/wikinger-768x477.jpg 768w\" sizes=\"(max-width: 900px) 100vw, 900px\" \/><\/p>\n","protected":false},"excerpt":{"rendered":"<p>Zeitspanne Auch wenn es schon fr\u00fcher \u00dcberf\u00e4lle durch Wikinger gab, wird das Jahr 793 als konkreter Beginn der historischen Wikingerzeit genannt. In diesem Jahr wurde das Kloster Lindisfarne in Northumbrien vor der Nordostk\u00fcste Englands \u00fcberfallen. Als Ende der Wikingerzeit wird das Jahr 1066 genannt. In diesem Jahr scheiterte die Englandinvasion von Harald des Harten (Haraldr &hellip; <a href=\"https:\/\/www.custor-casteli.de\/?page_id=124\" class=\"more-link\"><span class=\"screen-reader-text\">Die Wikinger<\/span> weiterlesen <span class=\"meta-nav\">&rarr;<\/span><\/a><\/p>\n","protected":false},"author":1,"featured_media":0,"parent":118,"menu_order":23,"comment_status":"closed","ping_status":"closed","template":"","meta":{"footnotes":""},"class_list":["post-124","page","type-page","status-publish","hentry"],"_links":{"self":[{"href":"https:\/\/www.custor-casteli.de\/index.php?rest_route=\/wp\/v2\/pages\/124"}],"collection":[{"href":"https:\/\/www.custor-casteli.de\/index.php?rest_route=\/wp\/v2\/pages"}],"about":[{"href":"https:\/\/www.custor-casteli.de\/index.php?rest_route=\/wp\/v2\/types\/page"}],"author":[{"embeddable":true,"href":"https:\/\/www.custor-casteli.de\/index.php?rest_route=\/wp\/v2\/users\/1"}],"replies":[{"embeddable":true,"href":"https:\/\/www.custor-casteli.de\/index.php?rest_route=%2Fwp%2Fv2%2Fcomments&post=124"}],"version-history":[{"count":4,"href":"https:\/\/www.custor-casteli.de\/index.php?rest_route=\/wp\/v2\/pages\/124\/revisions"}],"predecessor-version":[{"id":390,"href":"https:\/\/www.custor-casteli.de\/index.php?rest_route=\/wp\/v2\/pages\/124\/revisions\/390"}],"up":[{"embeddable":true,"href":"https:\/\/www.custor-casteli.de\/index.php?rest_route=\/wp\/v2\/pages\/118"}],"wp:attachment":[{"href":"https:\/\/www.custor-casteli.de\/index.php?rest_route=%2Fwp%2Fv2%2Fmedia&parent=124"}],"curies":[{"name":"wp","href":"https:\/\/api.w.org\/{rel}","templated":true}]}}