{"id":122,"date":"2016-05-13T06:18:48","date_gmt":"2016-05-13T06:18:48","guid":{"rendered":"https:\/\/custor-casteli.de\/?page_id=122"},"modified":"2023-01-16T21:41:08","modified_gmt":"2023-01-16T21:41:08","slug":"die-normannen-normandie","status":"publish","type":"page","link":"https:\/\/www.custor-casteli.de\/?page_id=122","title":{"rendered":"Die Normannen in der Normandie"},"content":{"rendered":"<hr>\n<p>W\u00e4hrend des 9. Jh. zogen die Wikinger (\u00fcberwiegend D\u00e4nen, aber auch Norweger) durch Nord- und Mittelfrankreich. Entlang der Fl\u00fcsse pl\u00fcnderten sie D\u00f6rfer, St\u00e4dte und Kl\u00f6ster. Die westfr\u00e4nkischen K\u00f6nige hatten ihnen kaum etwas entgegenzusetzen. Am Ende dieser K\u00e4mpfe stand der Vertrag von St. Clair-sur-Epte von 911 zwischen dem Normannenf\u00fchrer Rollo und dem franz\u00f6sischen K\u00f6nig Karl dem Einf\u00e4ltigen: In diesem Vertrag wurde festgehalten, da\u00df die Normannen Christen werden, Karl den Lehnseid leisten und die K\u00fcsten vor anderen Normannen sch\u00fctzen sollten. Als Gegenleistung erhielten sie die Normandie als Lehen und Siedlungsgebiet.<\/p>\n<p><img fetchpriority=\"high\" decoding=\"async\" class=\" size-full wp-image-121\" src=\"https:\/\/custor-casteli.de\/wp-content\/uploads\/2016\/05\/normandie.jpg\" alt=\"\" width=\"900\" height=\"246\" srcset=\"https:\/\/www.custor-casteli.de\/wp-content\/uploads\/2016\/05\/normandie.jpg 900w, https:\/\/www.custor-casteli.de\/wp-content\/uploads\/2016\/05\/normandie-300x82.jpg 300w, https:\/\/www.custor-casteli.de\/wp-content\/uploads\/2016\/05\/normandie-768x210.jpg 768w\" sizes=\"(max-width: 900px) 100vw, 900px\" \/><\/p>\n<hr>\n<h4>Aufbau eines neuen Herzogtums<\/h4>\n<p>Was den Normannen im 10. und 11. Jh. gelang, war der Aufbau eines fast selbst\u00e4ndigen Herzogtums von hoher kultureller Qualit\u00e4t. Sie bauten sehr viele Kirchen und Kl\u00f6ster und beschenkten sie reich. So wurde die Abtei Mont St. Michel restauriert und ausgebaut. Schon bald bl\u00fchte in der Normandie eine reichhaltige Klosterkultur: Die normannischen Kl\u00f6ster waren ein Ort der Gelehrsamkeit, Fr\u00f6mmigkeit und Gottesfurcht, aber auch der Reform. Sie wurden Vorbild f\u00fcr viele Kl\u00f6ster in Frankreich. Trotz aller Zeichen kultureller Religiosit\u00e4t blieben die Normannen auch auch Krieger und K\u00e4mpfer, gef\u00fcrchtet in ganz Europa. Innere Unruhen, Freude an Entdeckungen und politische Unzufriedenheit waren es auch, die viele wieder hinaus in die Welt trieben.<\/p>\n<hr>\n<h4>Herrschaftsform des Herzogs der Normandie (10.Jh.)<\/h4>\n<p>In der ersten H\u00e4lfte des 10.Jh. vollzog sich ein radikaler Wandel von den gleichberechtigten Teilnehmern einer Wikfahrt zur zentralen Herrschaftsgewalt des Normannenherzogs. Anders als im restlichen Mitteleuropa, lag die Macht nicht verteilt in vielen H\u00e4nden (Lehenswesen), sondern sie lag zentral in der Hand des Herzogs. Ohne lehensrechtliche Bindungen und mit zentraler Verwaltung herrschte er nahezu absolut. Dieser Regierungsstil wurde Vorbild f\u00fcr den Ausbau der K\u00f6nigsherrschaft in Frankreich unter Philippe Auguste (Anfang 13.Jh). Exportiert wurde dieser Stil nach S\u00fcditalien und fand seine Vollendung unter dem Staufer Friedrich II. in Sizilien.<\/p>\n","protected":false},"excerpt":{"rendered":"<p>W\u00e4hrend des 9. Jh. zogen die Wikinger (\u00fcberwiegend D\u00e4nen, aber auch Norweger) durch Nord- und Mittelfrankreich. Entlang der Fl\u00fcsse pl\u00fcnderten sie D\u00f6rfer, St\u00e4dte und Kl\u00f6ster. Die westfr\u00e4nkischen K\u00f6nige hatten ihnen kaum etwas entgegenzusetzen. Am Ende dieser K\u00e4mpfe stand der Vertrag von St. Clair-sur-Epte von 911 zwischen dem Normannenf\u00fchrer Rollo und dem franz\u00f6sischen K\u00f6nig Karl dem &hellip; <a href=\"https:\/\/www.custor-casteli.de\/?page_id=122\" class=\"more-link\"><span class=\"screen-reader-text\">Die Normannen in der Normandie<\/span> weiterlesen <span class=\"meta-nav\">&rarr;<\/span><\/a><\/p>\n","protected":false},"author":1,"featured_media":0,"parent":120,"menu_order":24,"comment_status":"closed","ping_status":"closed","template":"","meta":{"footnotes":""},"class_list":["post-122","page","type-page","status-publish","hentry"],"_links":{"self":[{"href":"https:\/\/www.custor-casteli.de\/index.php?rest_route=\/wp\/v2\/pages\/122"}],"collection":[{"href":"https:\/\/www.custor-casteli.de\/index.php?rest_route=\/wp\/v2\/pages"}],"about":[{"href":"https:\/\/www.custor-casteli.de\/index.php?rest_route=\/wp\/v2\/types\/page"}],"author":[{"embeddable":true,"href":"https:\/\/www.custor-casteli.de\/index.php?rest_route=\/wp\/v2\/users\/1"}],"replies":[{"embeddable":true,"href":"https:\/\/www.custor-casteli.de\/index.php?rest_route=%2Fwp%2Fv2%2Fcomments&post=122"}],"version-history":[{"count":3,"href":"https:\/\/www.custor-casteli.de\/index.php?rest_route=\/wp\/v2\/pages\/122\/revisions"}],"predecessor-version":[{"id":359,"href":"https:\/\/www.custor-casteli.de\/index.php?rest_route=\/wp\/v2\/pages\/122\/revisions\/359"}],"up":[{"embeddable":true,"href":"https:\/\/www.custor-casteli.de\/index.php?rest_route=\/wp\/v2\/pages\/120"}],"wp:attachment":[{"href":"https:\/\/www.custor-casteli.de\/index.php?rest_route=%2Fwp%2Fv2%2Fmedia&parent=122"}],"curies":[{"name":"wp","href":"https:\/\/api.w.org\/{rel}","templated":true}]}}