{"id":120,"date":"2016-05-13T06:18:48","date_gmt":"2016-05-13T06:18:48","guid":{"rendered":"https:\/\/custor-casteli.de\/?page_id=120"},"modified":"2023-01-17T07:01:27","modified_gmt":"2023-01-17T07:01:27","slug":"die-normannen","status":"publish","type":"page","link":"https:\/\/www.custor-casteli.de\/?page_id=120","title":{"rendered":"Die Normannen"},"content":{"rendered":"<hr \/>\n<h3>A furore normannorum, libera nos, domine<\/h3>\n<p><em>(&#8230;und bewahre uns, oh Herr, vor der Wut der Nordm\u00e4nner)<\/em><\/p>\n<p>Der Begriff Normanne wird in verschiedenen Bedeutungen verwendet. Zum einen wird er im Deutschen als Oberbegriff f\u00fcr alle Skandinavier des Mittelalters verwendet, von denen die Wikinger dann eine kleine Teilgruppe bilden. Zum anderen bezeichnet der Begriff die Einwohner des Herzogtums Normandie, deren urspr\u00fcngliche ethnische Zusammensetzung allerdings noch nicht gekl\u00e4rt ist, sowie insbesondere deren H\u00e4uptlingsgeschlechter skandinavischer Abstammung und deren Nachkommen in S\u00fcditalien, England und anderswo. Mit der Zeit hat sich aber der zweite Begriff als der \u00fcbliche durchgesetzt.<\/p>\n<p><img fetchpriority=\"high\" decoding=\"async\" class=\" size-full wp-image-119\" src=\"https:\/\/custor-casteli.de\/wp-content\/uploads\/2016\/05\/normannen.jpg\" alt=\"\" width=\"900\" height=\"236\" srcset=\"https:\/\/www.custor-casteli.de\/wp-content\/uploads\/2016\/05\/normannen.jpg 900w, https:\/\/www.custor-casteli.de\/wp-content\/uploads\/2016\/05\/normannen-300x79.jpg 300w, https:\/\/www.custor-casteli.de\/wp-content\/uploads\/2016\/05\/normannen-768x201.jpg 768w\" sizes=\"(max-width: 900px) 100vw, 900px\" \/><\/p>\n<p>Bei den Normannen im engeren Sinne handelt es sich um Nachkommen der Wikinger, die 911 in das fr\u00e4nkische Reich aufgenommen worden waren, das Christentum annahmen und sich rasch akkulturierten. Das Gebiet benannten sie nach ihrer Herkunft Normandie. Die nur im Deutschen bestehende zweite Identifizierung der Normannen mit den Bewohnern Skandinaviens vom Ende des 8. bis 11. Jahrhunderts stammt aus der Terminologie der karolingischen Autoren, welche die im 9. Jahrhundert einfallenden Wikinger als \u201eNordmannen\u201c bezeichneten. In der historischen Forschung wie auch im Franz\u00f6sischen und im Englischen differenziert man allerdings zwischen Normannen und Wikingern.<\/p>\n","protected":false},"excerpt":{"rendered":"<p>A furore normannorum, libera nos, domine (&#8230;und bewahre uns, oh Herr, vor der Wut der Nordm\u00e4nner) Der Begriff Normanne wird in verschiedenen Bedeutungen verwendet. Zum einen wird er im Deutschen als Oberbegriff f\u00fcr alle Skandinavier des Mittelalters verwendet, von denen die Wikinger dann eine kleine Teilgruppe bilden. Zum anderen bezeichnet der Begriff die Einwohner des &hellip; <a href=\"https:\/\/www.custor-casteli.de\/?page_id=120\" class=\"more-link\"><span class=\"screen-reader-text\">Die Normannen<\/span> weiterlesen <span class=\"meta-nav\">&rarr;<\/span><\/a><\/p>\n","protected":false},"author":1,"featured_media":0,"parent":118,"menu_order":25,"comment_status":"closed","ping_status":"closed","template":"","meta":{"footnotes":""},"class_list":["post-120","page","type-page","status-publish","hentry"],"_links":{"self":[{"href":"https:\/\/www.custor-casteli.de\/index.php?rest_route=\/wp\/v2\/pages\/120"}],"collection":[{"href":"https:\/\/www.custor-casteli.de\/index.php?rest_route=\/wp\/v2\/pages"}],"about":[{"href":"https:\/\/www.custor-casteli.de\/index.php?rest_route=\/wp\/v2\/types\/page"}],"author":[{"embeddable":true,"href":"https:\/\/www.custor-casteli.de\/index.php?rest_route=\/wp\/v2\/users\/1"}],"replies":[{"embeddable":true,"href":"https:\/\/www.custor-casteli.de\/index.php?rest_route=%2Fwp%2Fv2%2Fcomments&post=120"}],"version-history":[{"count":4,"href":"https:\/\/www.custor-casteli.de\/index.php?rest_route=\/wp\/v2\/pages\/120\/revisions"}],"predecessor-version":[{"id":391,"href":"https:\/\/www.custor-casteli.de\/index.php?rest_route=\/wp\/v2\/pages\/120\/revisions\/391"}],"up":[{"embeddable":true,"href":"https:\/\/www.custor-casteli.de\/index.php?rest_route=\/wp\/v2\/pages\/118"}],"wp:attachment":[{"href":"https:\/\/www.custor-casteli.de\/index.php?rest_route=%2Fwp%2Fv2%2Fmedia&parent=120"}],"curies":[{"name":"wp","href":"https:\/\/api.w.org\/{rel}","templated":true}]}}