{"id":117,"date":"2016-05-13T06:18:48","date_gmt":"2016-05-13T06:18:48","guid":{"rendered":"https:\/\/custor-casteli.de\/?page_id=117"},"modified":"2023-01-17T07:02:50","modified_gmt":"2023-01-17T07:02:50","slug":"die-friesen-handel","status":"publish","type":"page","link":"https:\/\/www.custor-casteli.de\/?page_id=117","title":{"rendered":"Der friesische Handel"},"content":{"rendered":"<hr \/>\n<p>Wir Friesen im Fr\u00fchmittelalter waren vor allem durch unseren Handel in allen Landen bekannt.<\/p>\n<p>In karolingischer Zeit beherrschten wir den Rheinhandel. Unsere wichtigsten Handelswaren bildeten neben dem <strong>Wein<\/strong>, der <strong>Keramik <\/strong>auch <strong>Tuche<\/strong>, die h\u00e4ufiger erw\u00e4hnt werden. Die bedeutendsten Handelspl\u00e4tze an diesem Fluss waren Mainz und w\u00e4hrend der Bl\u00fctezeit des Friesenhandels Dorestad.<\/p>\n<h1 class=\"ark_noblock\"><a title=\"\" href=\"https:\/\/custor-casteli.de\/wp-content\/uploads\/2016\/05\/handel.jpg\" target=\"_blank\" rel=\"noopener noreferrer\"><img decoding=\"async\" src=\"https:\/\/custor-casteli.de\/wp-content\/uploads\/2016\/05\/handel.jpg\" alt=\"\" \/><\/a><\/h1>\n<hr \/>\n<h3>Friesisches Tuch<\/h3>\n<p>Bereits im 8.\u00a0Jahrhundert wurde das <i>Friesische Manteltuch<\/i> ber\u00fchmt, das mehrmals in den Schriften der <a title=\"Karolinger\" href=\"wissenswertes\/die-franken\/die-karolinger\" target=\"_blank\" rel=\"noopener noreferrer\">Karolingerzeit<\/a> erw\u00e4hnt wird. Das Tuch wurde nach den friesischen H\u00e4ndlern benannt. Die Wolle und m\u00f6glicherweise auch das fertige Tuch stammten jedoch aus England.<\/p>\n<p>In der Fachliteratur wird fast ausnahmslos die Bezeichung <strong>pallium fresonicum<\/strong> mit der Bindungsart <strong>Diamantk\u00f6per <\/strong>assoziiert und die Begr\u00fcndungen daf\u00fcr werden kaum mehr in Zweifel gezogen.<\/p>\n<p><img fetchpriority=\"high\" decoding=\"async\" class=\" size-full wp-image-114\" src=\"https:\/\/custor-casteli.de\/wp-content\/uploads\/2016\/05\/diamantkoeper.jpg\" alt=\"\" width=\"900\" height=\"330\" srcset=\"https:\/\/www.custor-casteli.de\/wp-content\/uploads\/2016\/05\/diamantkoeper.jpg 900w, https:\/\/www.custor-casteli.de\/wp-content\/uploads\/2016\/05\/diamantkoeper-300x110.jpg 300w, https:\/\/www.custor-casteli.de\/wp-content\/uploads\/2016\/05\/diamantkoeper-768x282.jpg 768w\" sizes=\"(max-width: 900px) 100vw, 900px\" \/><\/p>\n<hr \/>\n<h3>Friesische\/Tatinger Keramik<\/h3>\n<p>Eine au\u00dfergew\u00f6hnliche Keramik des Fr\u00fchmittelalters ist die sog. \u201eTatinger Ware\u201c, fr\u00fcher auch \u201efriesische Ware\u201c. Charakteristisch f\u00fcr diese fein gemagerte Kermaik ist die gegl\u00e4ttete, schwarze Oberfl\u00e4che, die mit Zinnfolienauflagen in horizontalkreuzenden Linien und langgestreckten Dreiecken verziert ist. Es wurden jedoch auch Kannen ohne die Zinnfolienauflagen gefunden, z.B. in Dorestad und Haithabu. Die h\u00e4ufigste und bekannteste Gef\u00e4\u00dfform der Tatinger Ware ist die Kanne mit Ausgu\u00dft\u00fclle und Bandhenkel. Es sind jedoch auch andere Gef\u00e4\u00dfformen bekannt.<br \/>\n<img decoding=\"async\" class=\" size-full wp-image-115\" src=\"https:\/\/custor-casteli.de\/wp-content\/uploads\/2016\/05\/kanne.png\" alt=\"\" width=\"369\" height=\"504\" srcset=\"https:\/\/www.custor-casteli.de\/wp-content\/uploads\/2016\/05\/kanne.png 369w, https:\/\/www.custor-casteli.de\/wp-content\/uploads\/2016\/05\/kanne-220x300.png 220w\" sizes=\"(max-width: 369px) 100vw, 369px\" \/><\/p>\n<hr \/>\n<h3>Friesischer Wein<\/h3>\n<p>In Weinanbaugebieten wurde Wein von gro\u00dfen Teilen der Bev\u00f6lkerung fast t\u00e4glich getrunken. In Regionen, die sich f\u00fcr die Kultivierung von Weinreben nicht eigneten, war der Wein das pr\u00e4ferierte Getr\u00e4nk der wohlhabenderen Bev\u00f6lkerungsschichten. Er wurde so zu einem wichtigen Handelsgut. So tauschten beispielsweise friesische H\u00e4ndler schon im 9. Jahrhundert in Mainz Textilien gegen Wein ein, und die Hanse belieferte im 12. Jahrhundert unter anderem England und Norwegen mit Rheinwein. Der Wein war also, wie schon das Tuch, kein in Friesland erzeugtes Produkt, sondern eine sehr erfolgreiche Handelsware.<\/p>\n<p><img decoding=\"async\" class=\" size-full wp-image-116\" src=\"https:\/\/custor-casteli.de\/wp-content\/uploads\/2016\/05\/wein.jpg\" alt=\"\" width=\"900\" height=\"619\" srcset=\"https:\/\/www.custor-casteli.de\/wp-content\/uploads\/2016\/05\/wein.jpg 900w, https:\/\/www.custor-casteli.de\/wp-content\/uploads\/2016\/05\/wein-300x206.jpg 300w, https:\/\/www.custor-casteli.de\/wp-content\/uploads\/2016\/05\/wein-768x528.jpg 768w\" sizes=\"(max-width: 900px) 100vw, 900px\" \/><\/p>\n","protected":false},"excerpt":{"rendered":"<p>Wir Friesen im Fr\u00fchmittelalter waren vor allem durch unseren Handel in allen Landen bekannt. In karolingischer Zeit beherrschten wir den Rheinhandel. Unsere wichtigsten Handelswaren bildeten neben dem Wein, der Keramik auch Tuche, die h\u00e4ufiger erw\u00e4hnt werden. Die bedeutendsten Handelspl\u00e4tze an diesem Fluss waren Mainz und w\u00e4hrend der Bl\u00fctezeit des Friesenhandels Dorestad. Friesisches Tuch Bereits im &hellip; <a href=\"https:\/\/www.custor-casteli.de\/?page_id=117\" class=\"more-link\"><span class=\"screen-reader-text\">Der friesische Handel<\/span> weiterlesen <span class=\"meta-nav\">&rarr;<\/span><\/a><\/p>\n","protected":false},"author":1,"featured_media":0,"parent":108,"menu_order":27,"comment_status":"closed","ping_status":"closed","template":"","meta":{"footnotes":""},"class_list":["post-117","page","type-page","status-publish","hentry"],"_links":{"self":[{"href":"https:\/\/www.custor-casteli.de\/index.php?rest_route=\/wp\/v2\/pages\/117"}],"collection":[{"href":"https:\/\/www.custor-casteli.de\/index.php?rest_route=\/wp\/v2\/pages"}],"about":[{"href":"https:\/\/www.custor-casteli.de\/index.php?rest_route=\/wp\/v2\/types\/page"}],"author":[{"embeddable":true,"href":"https:\/\/www.custor-casteli.de\/index.php?rest_route=\/wp\/v2\/users\/1"}],"replies":[{"embeddable":true,"href":"https:\/\/www.custor-casteli.de\/index.php?rest_route=%2Fwp%2Fv2%2Fcomments&post=117"}],"version-history":[{"count":4,"href":"https:\/\/www.custor-casteli.de\/index.php?rest_route=\/wp\/v2\/pages\/117\/revisions"}],"predecessor-version":[{"id":392,"href":"https:\/\/www.custor-casteli.de\/index.php?rest_route=\/wp\/v2\/pages\/117\/revisions\/392"}],"up":[{"embeddable":true,"href":"https:\/\/www.custor-casteli.de\/index.php?rest_route=\/wp\/v2\/pages\/108"}],"wp:attachment":[{"href":"https:\/\/www.custor-casteli.de\/index.php?rest_route=%2Fwp%2Fv2%2Fmedia&parent=117"}],"curies":[{"name":"wp","href":"https:\/\/api.w.org\/{rel}","templated":true}]}}